{"id":8264,"date":"2017-06-23T13:43:02","date_gmt":"2017-06-23T17:43:02","guid":{"rendered":"https:\/\/pyromax\/?post_type=wpsc-product&#038;p=8264"},"modified":"2024-03-27T15:39:34","modified_gmt":"2024-03-27T19:39:34","slug":"the-free-pro-series","status":"publish","type":"product","link":"https:\/\/pyromax.ca\/?product=the-free-pro-series","title":{"rendered":"The free (pro-serie)"},"content":{"rendered":"<p>Queues rouges qui explosent en \u00e9toiles rouges et bleues.<\/p>\n<p>Multiples queues bleues qui explosent en brocades dor\u00e9es.<\/p>\n<p>Queues rouges qui explosent en \u00e9toiles mauves et vertes.<\/p>\n<p>Multiples queues bleues qui explosent en brocades dor\u00e9es.<\/p>\n<p>Queues rouges qui explosent en \u00e9toiles vertes et jaunes. Multiples queues bleues qui explosent en brocades dor\u00e9es.<\/p>\n<p>Finale de queues bleues qui explosent en chrysanth\u00e8mes cr\u00e9pitants avec \u00e9toiles rouges.<\/p>\n","protected":false},"excerpt":{"rendered":"<p>Queues rouges qui explosent en \u00e9toiles rouges et bleues. Multiples queues bleues qui explosent en brocades dor\u00e9es. Queues rouges qui explosent en \u00e9toiles mauves et vertes. Multiples queues bleues qui explosent en brocades dor\u00e9es. Queues rouges qui explosent en \u00e9toiles vertes et jaunes. Multiples queues bleues qui explosent en brocades dor\u00e9es. Finale de queues bleues [&hellip;]<\/p>\n","protected":false},"featured_media":9832,"comment_status":"closed","ping_status":"closed","template":"","meta":{"pgc_meta":"","_eb_attr":"","ocean_post_layout":"","ocean_both_sidebars_style":"","ocean_both_sidebars_content_width":0,"ocean_both_sidebars_sidebars_width":0,"ocean_sidebar":"0","ocean_second_sidebar":"0","ocean_disable_margins":"enable","ocean_add_body_class":"","ocean_shortcode_before_top_bar":"","ocean_shortcode_after_top_bar":"","ocean_shortcode_before_header":"","ocean_shortcode_after_header":"","ocean_has_shortcode":"","ocean_shortcode_after_title":"","ocean_shortcode_before_footer_widgets":"","ocean_shortcode_after_footer_widgets":"","ocean_shortcode_before_footer_bottom":"","ocean_shortcode_after_footer_bottom":"","ocean_display_top_bar":"default","ocean_display_header":"default","ocean_header_style":"","ocean_center_header_left_menu":"0","ocean_custom_header_template":"0","ocean_custom_logo":0,"ocean_custom_retina_logo":0,"ocean_custom_logo_max_width":0,"ocean_custom_logo_tablet_max_width":0,"ocean_custom_logo_mobile_max_width":0,"ocean_custom_logo_max_height":0,"ocean_custom_logo_tablet_max_height":0,"ocean_custom_logo_mobile_max_height":0,"ocean_header_custom_menu":"0","ocean_menu_typo_font_family":"0","ocean_menu_typo_font_subset":"","ocean_menu_typo_font_size":0,"ocean_menu_typo_font_size_tablet":0,"ocean_menu_typo_font_size_mobile":0,"ocean_menu_typo_font_size_unit":"px","ocean_menu_typo_font_weight":"","ocean_menu_typo_font_weight_tablet":"","ocean_menu_typo_font_weight_mobile":"","ocean_menu_typo_transform":"","ocean_menu_typo_transform_tablet":"","ocean_menu_typo_transform_mobile":"","ocean_menu_typo_line_height":0,"ocean_menu_typo_line_height_tablet":0,"ocean_menu_typo_line_height_mobile":0,"ocean_menu_typo_line_height_unit":"","ocean_menu_typo_spacing":0,"ocean_menu_typo_spacing_tablet":0,"ocean_menu_typo_spacing_mobile":0,"ocean_menu_typo_spacing_unit":"","ocean_menu_link_color":"","ocean_menu_link_color_hover":"","ocean_menu_link_color_active":"","ocean_menu_link_background":"","ocean_menu_link_hover_background":"","ocean_menu_link_active_background":"","ocean_menu_social_links_bg":"","ocean_menu_social_hover_links_bg":"","ocean_menu_social_links_color":"","ocean_menu_social_hover_links_color":"","ocean_disable_title":"default","ocean_disable_heading":"default","ocean_post_title":"","ocean_post_subheading":"","ocean_post_title_style":"","ocean_post_title_background_color":"","ocean_post_title_background":0,"ocean_post_title_bg_image_position":"","ocean_post_title_bg_image_attachment":"","ocean_post_title_bg_image_repeat":"","ocean_post_title_bg_image_size":"","ocean_post_title_height":0,"ocean_post_title_bg_overlay":0.5,"ocean_post_title_bg_overlay_color":"","ocean_disable_breadcrumbs":"default","ocean_breadcrumbs_color":"","ocean_breadcrumbs_separator_color":"","ocean_breadcrumbs_links_color":"","ocean_breadcrumbs_links_hover_color":"","ocean_display_footer_widgets":"default","ocean_display_footer_bottom":"default","ocean_custom_footer_template":"0"},"product_cat":[47],"product_tag":[],"_links":{"self":[{"href":"https:\/\/pyromax.ca\/index.php?rest_route=\/wp\/v2\/product\/8264"}],"collection":[{"href":"https:\/\/pyromax.ca\/index.php?rest_route=\/wp\/v2\/product"}],"about":[{"href":"https:\/\/pyromax.ca\/index.php?rest_route=\/wp\/v2\/types\/product"}],"replies":[{"embeddable":true,"href":"https:\/\/pyromax.ca\/index.php?rest_route=%2Fwp%2Fv2%2Fcomments&post=8264"}],"version-history":[{"count":0,"href":"https:\/\/pyromax.ca\/index.php?rest_route=\/wp\/v2\/product\/8264\/revisions"}],"wp:featuredmedia":[{"embeddable":true,"href":"https:\/\/pyromax.ca\/index.php?rest_route=\/wp\/v2\/media\/9832"}],"wp:attachment":[{"href":"https:\/\/pyromax.ca\/index.php?rest_route=%2Fwp%2Fv2%2Fmedia&parent=8264"}],"wp:term":[{"taxonomy":"product_cat","embeddable":true,"href":"https:\/\/pyromax.ca\/index.php?rest_route=%2Fwp%2Fv2%2Fproduct_cat&post=8264"},{"taxonomy":"product_tag","embeddable":true,"href":"https:\/\/pyromax.ca\/index.php?rest_route=%2Fwp%2Fv2%2Fproduct_tag&post=8264"}],"curies":[{"name":"wp","href":"https:\/\/api.w.org\/{rel}","templated":true}]}}