{"id":8223,"date":"2017-05-03T14:20:35","date_gmt":"2017-05-03T18:20:35","guid":{"rendered":"https:\/\/pyromax\/?post_type=wpsc-product&#038;p=8223"},"modified":"2024-03-30T13:08:11","modified_gmt":"2024-03-30T17:08:11","slug":"cdc-9898","status":"publish","type":"product","link":"https:\/\/pyromax.ca\/?product=cdc-9898","title":{"rendered":"CDC-9898"},"content":{"rendered":"<p><span class=\"font5\">Queue de com\u00e8te rouge \u00e0 palmier dor\u00e9.<\/span><\/p>\n<p><span class=\"font5\"> Queue de com\u00e8te verte \u00e0 palmier dor\u00e9. <\/span><\/p>\n<p><span class=\"font5\">Queue de com\u00e8te bleue \u00e0 palmier dor\u00e9. <\/span><\/p>\n<p><span class=\"font5\">Queue de com\u00e8te citron \u00e0 palmier dor\u00e9.<\/span><\/p>\n<p><span class=\"font5\"> Queue de com\u00e8te mauve \u00e0 palmier dor\u00e9.<\/span><\/p>\n<p><span class=\"font5\"> Finale \u00e0 5 tirs de palmiers dor\u00e9s.<\/span><\/p>\n","protected":false},"excerpt":{"rendered":"<p>Queue de com\u00e8te rouge \u00e0 palmier dor\u00e9. Queue de com\u00e8te verte \u00e0 palmier dor\u00e9. Queue de com\u00e8te bleue \u00e0 palmier dor\u00e9. Queue de com\u00e8te citron \u00e0 palmier dor\u00e9. Queue de com\u00e8te mauve \u00e0 palmier dor\u00e9. Finale \u00e0 5 tirs de palmiers dor\u00e9s.<\/p>\n","protected":false},"featured_media":10042,"comment_status":"closed","ping_status":"closed","template":"","meta":{"pgc_meta":"","_eb_attr":"","ocean_post_layout":"","ocean_both_sidebars_style":"","ocean_both_sidebars_content_width":0,"ocean_both_sidebars_sidebars_width":0,"ocean_sidebar":"0","ocean_second_sidebar":"0","ocean_disable_margins":"enable","ocean_add_body_class":"","ocean_shortcode_before_top_bar":"","ocean_shortcode_after_top_bar":"","ocean_shortcode_before_header":"","ocean_shortcode_after_header":"","ocean_has_shortcode":"","ocean_shortcode_after_title":"","ocean_shortcode_before_footer_widgets":"","ocean_shortcode_after_footer_widgets":"","ocean_shortcode_before_footer_bottom":"","ocean_shortcode_after_footer_bottom":"","ocean_display_top_bar":"default","ocean_display_header":"default","ocean_header_style":"","ocean_center_header_left_menu":"0","ocean_custom_header_template":"0","ocean_custom_logo":0,"ocean_custom_retina_logo":0,"ocean_custom_logo_max_width":0,"ocean_custom_logo_tablet_max_width":0,"ocean_custom_logo_mobile_max_width":0,"ocean_custom_logo_max_height":0,"ocean_custom_logo_tablet_max_height":0,"ocean_custom_logo_mobile_max_height":0,"ocean_header_custom_menu":"0","ocean_menu_typo_font_family":"0","ocean_menu_typo_font_subset":"","ocean_menu_typo_font_size":0,"ocean_menu_typo_font_size_tablet":0,"ocean_menu_typo_font_size_mobile":0,"ocean_menu_typo_font_size_unit":"px","ocean_menu_typo_font_weight":"","ocean_menu_typo_font_weight_tablet":"","ocean_menu_typo_font_weight_mobile":"","ocean_menu_typo_transform":"","ocean_menu_typo_transform_tablet":"","ocean_menu_typo_transform_mobile":"","ocean_menu_typo_line_height":0,"ocean_menu_typo_line_height_tablet":0,"ocean_menu_typo_line_height_mobile":0,"ocean_menu_typo_line_height_unit":"","ocean_menu_typo_spacing":0,"ocean_menu_typo_spacing_tablet":0,"ocean_menu_typo_spacing_mobile":0,"ocean_menu_typo_spacing_unit":"","ocean_menu_link_color":"","ocean_menu_link_color_hover":"","ocean_menu_link_color_active":"","ocean_menu_link_background":"","ocean_menu_link_hover_background":"","ocean_menu_link_active_background":"","ocean_menu_social_links_bg":"","ocean_menu_social_hover_links_bg":"","ocean_menu_social_links_color":"","ocean_menu_social_hover_links_color":"","ocean_disable_title":"default","ocean_disable_heading":"default","ocean_post_title":"","ocean_post_subheading":"","ocean_post_title_style":"","ocean_post_title_background_color":"","ocean_post_title_background":0,"ocean_post_title_bg_image_position":"","ocean_post_title_bg_image_attachment":"","ocean_post_title_bg_image_repeat":"","ocean_post_title_bg_image_size":"","ocean_post_title_height":0,"ocean_post_title_bg_overlay":0.5,"ocean_post_title_bg_overlay_color":"","ocean_disable_breadcrumbs":"default","ocean_breadcrumbs_color":"","ocean_breadcrumbs_separator_color":"","ocean_breadcrumbs_links_color":"","ocean_breadcrumbs_links_hover_color":"","ocean_display_footer_widgets":"default","ocean_display_footer_bottom":"default","ocean_custom_footer_template":"0"},"product_cat":[47],"product_tag":[],"_links":{"self":[{"href":"https:\/\/pyromax.ca\/index.php?rest_route=\/wp\/v2\/product\/8223"}],"collection":[{"href":"https:\/\/pyromax.ca\/index.php?rest_route=\/wp\/v2\/product"}],"about":[{"href":"https:\/\/pyromax.ca\/index.php?rest_route=\/wp\/v2\/types\/product"}],"replies":[{"embeddable":true,"href":"https:\/\/pyromax.ca\/index.php?rest_route=%2Fwp%2Fv2%2Fcomments&post=8223"}],"version-history":[{"count":0,"href":"https:\/\/pyromax.ca\/index.php?rest_route=\/wp\/v2\/product\/8223\/revisions"}],"wp:featuredmedia":[{"embeddable":true,"href":"https:\/\/pyromax.ca\/index.php?rest_route=\/wp\/v2\/media\/10042"}],"wp:attachment":[{"href":"https:\/\/pyromax.ca\/index.php?rest_route=%2Fwp%2Fv2%2Fmedia&parent=8223"}],"wp:term":[{"taxonomy":"product_cat","embeddable":true,"href":"https:\/\/pyromax.ca\/index.php?rest_route=%2Fwp%2Fv2%2Fproduct_cat&post=8223"},{"taxonomy":"product_tag","embeddable":true,"href":"https:\/\/pyromax.ca\/index.php?rest_route=%2Fwp%2Fv2%2Fproduct_tag&post=8223"}],"curies":[{"name":"wp","href":"https:\/\/api.w.org\/{rel}","templated":true}]}}