{"id":8022,"date":"2015-05-14T16:26:49","date_gmt":"2015-05-14T16:26:49","guid":{"rendered":"https:\/\/pyromax\/?page_id=8022"},"modified":"2018-06-06T12:15:45","modified_gmt":"2018-06-06T12:15:45","slug":"8022-2","status":"publish","type":"page","link":"https:\/\/pyromax.ca\/?page_id=8022","title":{"rendered":"Tout un travail \u00e0 g\u00e9rer"},"content":{"rendered":"<h1><strong>Tout un travail \u00e0 g\u00e9rer<\/strong><\/h1>\n<p>&nbsp;<\/p>\n<h2><strong>Tout un travail de logistique a \u00e9t\u00e9 n\u00e9cessaire pour organiser le spectacle pyrotechnique de dimanche dernier au Parc Rigolet, \u00e0 L\u00e9vis. Seul un signal de d\u00e9part d\u00e9pendait de la r\u00e9ussite de l\u2019accord de la musique avec les feux.<\/strong><\/h2>\n<p>&nbsp;<\/p>\n<p>Le samedi 16 ao\u00fbt dernier, toute l\u2019\u00e9quipe de Pyromax pyrotechnie s\u2019affairait \u00e0 r\u00e9gler les derniers nombreux d\u00e9tails, avant le grand spectacle de l\u2019\u00e9v\u00e9nement &lt;&lt;Le pont de Qu\u00e9bec, une rencontre entre deux rives&gt;&gt;.<\/p>\n<p>&nbsp;<\/p>\n<p>Sur le bord du quai num\u00e9ro 25 au Port de Qu\u00e9bec, l\u2019\u00e9quipe de Gino Cantin, directeur g\u00e9n\u00e9ral de Pyromax et concepteur du spectacle de dimanche pass\u00e9, travaillait avec acharnement pour terminer d\u2019installer ces longs cylindres, dont le contenu allait se terminer dans le ciel et briller de tous ses feux.<\/p>\n<p>&nbsp;<\/p>\n<p>Il ne faut pas croire que le montage de ce spectacle pyrotechnique, qui dure depuis f\u00e9vrier, s\u2019est fait facilement. Trois \u00e9tapes ont \u00e9t\u00e9 n\u00e9cessaires pour parvenir au r\u00e9sultat final. Il y a tout d\u2019abord l\u2019\u00e9laboration du sc\u00e9nario, qui a exig\u00e9 plus de 250 heures. &lt;&lt;Il faut \u00e9tudier la musique, imaginer le sc\u00e9nario et en faire la conception&gt;&gt;, explique Gino Cantin. Ensuite, il y a l\u2019atelier de montage, qui a dur\u00e9 plus de 400 heures et finalement le montage du mat\u00e9riel sur la barge, plate-forme sur laquelle ont explos\u00e9 les feux, qui a dur\u00e9 plus d\u2019une quarantaine d\u2019heures, avec 13 artificiers \u00e0 l\u2019ouvrage. Toutes ces heures pour un spectacle de 18 minutes.<\/p>\n<p>&nbsp;<\/p>\n<p><strong>Allumer le feu<\/strong><\/p>\n<p>&nbsp;<\/p>\n<p>Certains feux d\u2019artifices sont allum\u00e9s par des artificiers, \u00e0 l\u2019aide de b\u00e2tons. Dans le cas du spectacle de dimanche, des m\u00e8ches, reliant tous les feux ensemble, ont servi d\u2019outil d\u2019allumage. Comme l\u2019Orchestre symphonique de L\u00e9vis devait \u00eatre en harmonie avec les feux, un signal de d\u00e9part a \u00e9t\u00e9 donn\u00e9 et les m\u00e8ches des feux d\u2019artifices ont \u00e9t\u00e9 allum\u00e9es par ordinateur. Le chef d\u2019orchestre a entendu ce m\u00eame signal de d\u00e9part dans un petit m\u00e9tronome situ\u00e9 dans son oreille pour lancer la musique.<\/p>\n<p>&nbsp;<\/p>\n<p>Ainsi, les feux de Gino Cantin et la musique du maestro Gilles Auger ont parfaitement suivi le rythme donn\u00e9 par le logiciel. C\u2019\u00e9tait l\u2019occasion d\u2019admirer le travail de deux chefs en parfait accord, celui du chef des feux et du chef d\u2019orchestre.<\/p>\n<p>&nbsp;<\/p>\n<p>Ceux qui \u00e9taient de la partie dimanche dernier ont pu constater un spectacle r\u00e9ussi et peuvent d\u00e9sormais constater et appr\u00e9cier un travail de conception et de montage d\u2019envergure<strong>.<\/strong><\/p>\n<p>&nbsp;<\/p>\n<p><strong>Ceux qui \u00e9taient de la partie dimanche dernier ont pu constater un spectacle r\u00e9ussi et peuvent d\u00e9sormais constater et appr\u00e9cier un travail de conception et de montage d\u2019envergure.<\/strong><\/p>\n<p>&nbsp;<\/p>\n<p><strong>Lors du spectacle, c\u2019\u00e9tait l\u2019occasion r\u00eaver d\u2019admirer le travail de deux chefs en parfait accord, celui du chef des feux et du chef d\u2019orchestre.<\/strong><\/p>\n<p><strong>\u00a0<\/strong><\/p>\n<p>\u00a0Article original<\/p>\n<p>&nbsp;<\/p>\n<ul>\n<li><a href=\"https:\/\/pyromax\/wp-content\/uploads\/article11.pdf\" target=\"_blank\">Tout un travail \u00e0 g\u00e9rer<\/a><\/li>\n<\/ul>\n<p><strong>\u00a0<\/strong><\/p>\n","protected":false},"excerpt":{"rendered":"<p>Tout un travail \u00e0 g\u00e9rer &nbsp; Tout un travail de logistique a \u00e9t\u00e9 n\u00e9cessaire pour organiser le spectacle pyrotechnique de dimanche dernier au Parc Rigolet, \u00e0 L\u00e9vis. Seul un signal de d\u00e9part d\u00e9pendait de la r\u00e9ussite de l\u2019accord de la musique avec les feux. &nbsp; Le samedi 16 ao\u00fbt dernier, toute l\u2019\u00e9quipe de Pyromax pyrotechnie [&hellip;]<\/p>\n","protected":false},"author":1,"featured_media":0,"parent":0,"menu_order":0,"comment_status":"closed","ping_status":"open","template":"page-templates\/template_fullwidth.php","meta":{"pgc_meta":"","_eb_attr":"","ocean_post_layout":"","ocean_both_sidebars_style":"","ocean_both_sidebars_content_width":0,"ocean_both_sidebars_sidebars_width":0,"ocean_sidebar":"","ocean_second_sidebar":"","ocean_disable_margins":"enable","ocean_add_body_class":"","ocean_shortcode_before_top_bar":"","ocean_shortcode_after_top_bar":"","ocean_shortcode_before_header":"","ocean_shortcode_after_header":"","ocean_has_shortcode":"","ocean_shortcode_after_title":"","ocean_shortcode_before_footer_widgets":"","ocean_shortcode_after_footer_widgets":"","ocean_shortcode_before_footer_bottom":"","ocean_shortcode_after_footer_bottom":"","ocean_display_top_bar":"default","ocean_display_header":"default","ocean_header_style":"","ocean_center_header_left_menu":"","ocean_custom_header_template":"","ocean_custom_logo":0,"ocean_custom_retina_logo":0,"ocean_custom_logo_max_width":0,"ocean_custom_logo_tablet_max_width":0,"ocean_custom_logo_mobile_max_width":0,"ocean_custom_logo_max_height":0,"ocean_custom_logo_tablet_max_height":0,"ocean_custom_logo_mobile_max_height":0,"ocean_header_custom_menu":"","ocean_menu_typo_font_family":"","ocean_menu_typo_font_subset":"","ocean_menu_typo_font_size":0,"ocean_menu_typo_font_size_tablet":0,"ocean_menu_typo_font_size_mobile":0,"ocean_menu_typo_font_size_unit":"px","ocean_menu_typo_font_weight":"","ocean_menu_typo_font_weight_tablet":"","ocean_menu_typo_font_weight_mobile":"","ocean_menu_typo_transform":"","ocean_menu_typo_transform_tablet":"","ocean_menu_typo_transform_mobile":"","ocean_menu_typo_line_height":0,"ocean_menu_typo_line_height_tablet":0,"ocean_menu_typo_line_height_mobile":0,"ocean_menu_typo_line_height_unit":"","ocean_menu_typo_spacing":0,"ocean_menu_typo_spacing_tablet":0,"ocean_menu_typo_spacing_mobile":0,"ocean_menu_typo_spacing_unit":"","ocean_menu_link_color":"","ocean_menu_link_color_hover":"","ocean_menu_link_color_active":"","ocean_menu_link_background":"","ocean_menu_link_hover_background":"","ocean_menu_link_active_background":"","ocean_menu_social_links_bg":"","ocean_menu_social_hover_links_bg":"","ocean_menu_social_links_color":"","ocean_menu_social_hover_links_color":"","ocean_disable_title":"default","ocean_disable_heading":"default","ocean_post_title":"","ocean_post_subheading":"","ocean_post_title_style":"","ocean_post_title_background_color":"","ocean_post_title_background":0,"ocean_post_title_bg_image_position":"","ocean_post_title_bg_image_attachment":"","ocean_post_title_bg_image_repeat":"","ocean_post_title_bg_image_size":"","ocean_post_title_height":0,"ocean_post_title_bg_overlay":0.5,"ocean_post_title_bg_overlay_color":"","ocean_disable_breadcrumbs":"default","ocean_breadcrumbs_color":"","ocean_breadcrumbs_separator_color":"","ocean_breadcrumbs_links_color":"","ocean_breadcrumbs_links_hover_color":"","ocean_display_footer_widgets":"default","ocean_display_footer_bottom":"default","ocean_custom_footer_template":"","footnotes":""},"pgc_meta":"","_links":{"self":[{"href":"https:\/\/pyromax.ca\/index.php?rest_route=\/wp\/v2\/pages\/8022"}],"collection":[{"href":"https:\/\/pyromax.ca\/index.php?rest_route=\/wp\/v2\/pages"}],"about":[{"href":"https:\/\/pyromax.ca\/index.php?rest_route=\/wp\/v2\/types\/page"}],"author":[{"embeddable":true,"href":"https:\/\/pyromax.ca\/index.php?rest_route=\/wp\/v2\/users\/1"}],"replies":[{"embeddable":true,"href":"https:\/\/pyromax.ca\/index.php?rest_route=%2Fwp%2Fv2%2Fcomments&post=8022"}],"version-history":[{"count":0,"href":"https:\/\/pyromax.ca\/index.php?rest_route=\/wp\/v2\/pages\/8022\/revisions"}],"wp:attachment":[{"href":"https:\/\/pyromax.ca\/index.php?rest_route=%2Fwp%2Fv2%2Fmedia&parent=8022"}],"curies":[{"name":"wp","href":"https:\/\/api.w.org\/{rel}","templated":true}]}}