{"id":8012,"date":"2015-05-14T16:18:44","date_gmt":"2015-05-14T16:18:44","guid":{"rendered":"https:\/\/pyromax\/?page_id=8012"},"modified":"2018-06-06T12:15:45","modified_gmt":"2018-06-06T12:15:45","slug":"pyromax-un-pas-vers-les-lignes-majeures","status":"publish","type":"page","link":"https:\/\/pyromax.ca\/?page_id=8012","title":{"rendered":"Pyromax : un pas vers les lignes majeures"},"content":{"rendered":"<h1><strong><em>Pyromax\u00a0: un pas vers les lignes majeures<\/em><\/strong><\/h1>\n<p>&nbsp;<\/p>\n<p>Le dimanche 17 ao\u00fbt prochain, dans le cadre des activit\u00e9s du 400<sup>i\u00e8me<\/sup> anniversaire de Qu\u00e9bec, Gino Cantin et son \u00e9quipe d\u2019artificiers vont vivre et faire vivre une exp\u00e9rience unique et hors du commun. &lt;&lt; Les feux de l\u2019orchestre&gt;&gt; est un spectacle produit en collaboration avec l\u2019orchestre symphonique de L\u00e9vis (OSL).&lt;&lt; Nous innovons dans la mani\u00e8re de diriger un feu d\u2019artifice\u00a0: nous avons d\u00e9velopp\u00e9 un syst\u00e8me qui permet au chef d\u2019orchestre, Gilles Auger, de suivre le rythme des explosions gr\u00e2ce \u00e0 un m\u00e9tronome. &gt;&gt; , lance, enthousiaste, Gino Cantin de Pyromax Pyrotechnie Inc.<\/p>\n<p>&nbsp;<\/p>\n<p>&lt;&lt; C\u2019est in\u00e9dit, nous avons cr\u00e9\u00e9 ce syst\u00e8me, en collaboration avec Charles Dallaire, un des meilleurs pyrotechniciens. Il fallait trouver un moyen pour que la musique et les feux se suivent et s\u2019harmonisent. La solution est tr\u00e8s technique, mais nous avons r\u00e9ussi avec beaucoup de temps, de patience et les investissements n\u00e9cessaires. \u00c0 l\u2019approche de l\u2019\u00e9v\u00e9nement, nous sommes tr\u00e8s f\u00e9briles.&gt;&gt; poursuit-il.<\/p>\n<p>&nbsp;<\/p>\n<p>&lt;&lt;Nous avons mis plusieurs mois de pr\u00e9paration, pour nous, c\u2019est l\u2019occasion de montrer qu\u2019une petite entreprise est capable de rivaliser avec les plus grandes. Nous avons aussi achet\u00e9 de nouveaux \u00e9quipements pour r\u00e9pondre \u00e0 la demande de ce d\u00e9fi unique. &gt;&gt;<\/p>\n<p>&nbsp;<\/p>\n<p>L\u2019\u00e9t\u00e9 2008 est marquante pour Pyromax, ils ont tir\u00e9 26 feux en trois jours pour la St-Jean-Batiste, 25 personnes \u00e9taient \u00e0 l\u2019\u0153uvre et tout c\u2019est bien d\u00e9roul\u00e9. L\u2019entreprise raymondoise se produit, d\u2019ailleurs, partout au Qu\u00e9bec et dans les Maritimes.\u00a0 Fond\u00e9 en 1994, Pyromax est devenu le plus important groupe d\u2019artificier dans la grande r\u00e9gion de Qu\u00e9bec, ils ont r\u00e9alis\u00e9 plus de 1600 projets pyrotechniques.<\/p>\n<p>&nbsp;<\/p>\n<p>Dimanche, c\u2019est le grand jour pour Pyromax, ils lanceront un spectacle digne des plus grands feux jamais vus au Qu\u00e9bec. Le meilleur endroit pour vivre l\u2019exp\u00e9rience, &lt;&lt;Un pont entre deux rives&gt;&gt;, est \u00e0 St-Romuald au parc Rigolet. &lt;&lt; Les feux de l\u2019orchestre &gt;&gt; se veut un spectacle pyromusicale d\u2019envergure, o\u00f9 une myriade de feux d\u2019artifices se d\u00e9ploieront au rythme de la musique symphonique.<\/p>\n<p>&nbsp;<\/p>\n<p>Enfin, la barge de lancement sera install\u00e9e pr\u00e8s de la rive, les feux pourront \u00eatre observ\u00e9s de Sillery aussi bien que sur le pont de Qu\u00e9bec, ferm\u00e9 pour l\u2019occasion.<\/p>\n<p>&nbsp;<\/p>\n<p>Un rendez-vous \u00e0 ne pas manquer.<\/p>\n<p>&nbsp;<\/p>\n<p>Article original<\/p>\n<p>&nbsp;<\/p>\n<ul>\n<li><a href=\"https:\/\/pyromax\/wp-content\/uploads\/article08.pdf\" target=\"_blank\">Pyromax: un pas vers les ligues majeures<\/a><\/li>\n<\/ul>\n<p>&nbsp;<\/p>\n<p>&nbsp;<\/p>\n<p>&nbsp;<\/p>\n","protected":false},"excerpt":{"rendered":"<p>Pyromax\u00a0: un pas vers les lignes majeures &nbsp; Le dimanche 17 ao\u00fbt prochain, dans le cadre des activit\u00e9s du 400i\u00e8me anniversaire de Qu\u00e9bec, Gino Cantin et son \u00e9quipe d\u2019artificiers vont vivre et faire vivre une exp\u00e9rience unique et hors du commun. &lt;&lt; Les feux de l\u2019orchestre&gt;&gt; est un spectacle produit en collaboration avec l\u2019orchestre symphonique [&hellip;]<\/p>\n","protected":false},"author":1,"featured_media":0,"parent":0,"menu_order":0,"comment_status":"closed","ping_status":"open","template":"page-templates\/template_fullwidth.php","meta":{"pgc_meta":"","_eb_attr":"","ocean_post_layout":"","ocean_both_sidebars_style":"","ocean_both_sidebars_content_width":0,"ocean_both_sidebars_sidebars_width":0,"ocean_sidebar":"","ocean_second_sidebar":"","ocean_disable_margins":"enable","ocean_add_body_class":"","ocean_shortcode_before_top_bar":"","ocean_shortcode_after_top_bar":"","ocean_shortcode_before_header":"","ocean_shortcode_after_header":"","ocean_has_shortcode":"","ocean_shortcode_after_title":"","ocean_shortcode_before_footer_widgets":"","ocean_shortcode_after_footer_widgets":"","ocean_shortcode_before_footer_bottom":"","ocean_shortcode_after_footer_bottom":"","ocean_display_top_bar":"default","ocean_display_header":"default","ocean_header_style":"","ocean_center_header_left_menu":"","ocean_custom_header_template":"","ocean_custom_logo":0,"ocean_custom_retina_logo":0,"ocean_custom_logo_max_width":0,"ocean_custom_logo_tablet_max_width":0,"ocean_custom_logo_mobile_max_width":0,"ocean_custom_logo_max_height":0,"ocean_custom_logo_tablet_max_height":0,"ocean_custom_logo_mobile_max_height":0,"ocean_header_custom_menu":"","ocean_menu_typo_font_family":"","ocean_menu_typo_font_subset":"","ocean_menu_typo_font_size":0,"ocean_menu_typo_font_size_tablet":0,"ocean_menu_typo_font_size_mobile":0,"ocean_menu_typo_font_size_unit":"px","ocean_menu_typo_font_weight":"","ocean_menu_typo_font_weight_tablet":"","ocean_menu_typo_font_weight_mobile":"","ocean_menu_typo_transform":"","ocean_menu_typo_transform_tablet":"","ocean_menu_typo_transform_mobile":"","ocean_menu_typo_line_height":0,"ocean_menu_typo_line_height_tablet":0,"ocean_menu_typo_line_height_mobile":0,"ocean_menu_typo_line_height_unit":"","ocean_menu_typo_spacing":0,"ocean_menu_typo_spacing_tablet":0,"ocean_menu_typo_spacing_mobile":0,"ocean_menu_typo_spacing_unit":"","ocean_menu_link_color":"","ocean_menu_link_color_hover":"","ocean_menu_link_color_active":"","ocean_menu_link_background":"","ocean_menu_link_hover_background":"","ocean_menu_link_active_background":"","ocean_menu_social_links_bg":"","ocean_menu_social_hover_links_bg":"","ocean_menu_social_links_color":"","ocean_menu_social_hover_links_color":"","ocean_disable_title":"default","ocean_disable_heading":"default","ocean_post_title":"","ocean_post_subheading":"","ocean_post_title_style":"","ocean_post_title_background_color":"","ocean_post_title_background":0,"ocean_post_title_bg_image_position":"","ocean_post_title_bg_image_attachment":"","ocean_post_title_bg_image_repeat":"","ocean_post_title_bg_image_size":"","ocean_post_title_height":0,"ocean_post_title_bg_overlay":0.5,"ocean_post_title_bg_overlay_color":"","ocean_disable_breadcrumbs":"default","ocean_breadcrumbs_color":"","ocean_breadcrumbs_separator_color":"","ocean_breadcrumbs_links_color":"","ocean_breadcrumbs_links_hover_color":"","ocean_display_footer_widgets":"default","ocean_display_footer_bottom":"default","ocean_custom_footer_template":"","footnotes":""},"pgc_meta":"","_links":{"self":[{"href":"https:\/\/pyromax.ca\/index.php?rest_route=\/wp\/v2\/pages\/8012"}],"collection":[{"href":"https:\/\/pyromax.ca\/index.php?rest_route=\/wp\/v2\/pages"}],"about":[{"href":"https:\/\/pyromax.ca\/index.php?rest_route=\/wp\/v2\/types\/page"}],"author":[{"embeddable":true,"href":"https:\/\/pyromax.ca\/index.php?rest_route=\/wp\/v2\/users\/1"}],"replies":[{"embeddable":true,"href":"https:\/\/pyromax.ca\/index.php?rest_route=%2Fwp%2Fv2%2Fcomments&post=8012"}],"version-history":[{"count":0,"href":"https:\/\/pyromax.ca\/index.php?rest_route=\/wp\/v2\/pages\/8012\/revisions"}],"wp:attachment":[{"href":"https:\/\/pyromax.ca\/index.php?rest_route=%2Fwp%2Fv2%2Fmedia&parent=8012"}],"curies":[{"name":"wp","href":"https:\/\/api.w.org\/{rel}","templated":true}]}}