{"id":8005,"date":"2015-05-14T16:12:54","date_gmt":"2015-05-14T16:12:54","guid":{"rendered":"https:\/\/pyromax\/?page_id=8005"},"modified":"2018-06-06T12:15:45","modified_gmt":"2018-06-06T12:15:45","slug":"pyromax-devant-plus-de-100-000-personnes","status":"publish","type":"page","link":"https:\/\/pyromax.ca\/?page_id=8005","title":{"rendered":"PYROMAX DEVANT PLUS DE 100 000 PERSONNES"},"content":{"rendered":"<h1><strong>PYROMAX DEVANT PLUS DE 100\u00a0000 PERSONNES<\/strong><\/h1>\n<p>&nbsp;<\/p>\n<h2>GINO CANTIN SE PR\u00c9PARE F\u00c9BRILLEMENT POUR LE 17 AO\u00dbT<\/h2>\n<p>&nbsp;<\/p>\n<p>Plus de 100\u00a0000 personnes devraient admirer les feux d\u2019artifice de Pyromax, de Saint-Raymond, au-dessus du fleuve Saint-Laurent le 17 ao\u00fbt, selon les pr\u00e9visions transmises au dirigeant de l\u2019entreprise, Gino Cantin.<\/p>\n<p>&nbsp;<\/p>\n<p>L\u2019artificier travaille actuellement \u00e0 peaufiner le spectacle qui durera 18 minutes 34 secondes pr\u00e9cis\u00e9ment. &lt;&lt;Ce ne seront pas les grands feux du 400<sup>e<\/sup> du 3 juillet. On n\u2019a pas le m\u00eame budget, mais nous aurons des tableaux avec la musique en direct d\u2019un orchestre symphonique, ce qui est exceptionnel&gt;&gt;. Souligne Gino Cantin.<\/p>\n<p>&nbsp;<\/p>\n<p>Les 60 musiciens de l\u2019Orchestre symphonique de L\u00e9vis seront install\u00e9s dans le parc du Rigolet \u00e0 Saint-Romuald. Un m\u00e9tronome permettra de synchroniser avec une console la musique et l\u2019explosion des quelque 2000 pi\u00e8ces pyrotechniques lanc\u00e9es \u00e0 partir d\u2019une barge flottante sur le fleuve \u00e0 320 m\u00e8tres de la rive sud.<\/p>\n<p>&nbsp;<\/p>\n<p>Le spectacle a n\u00e9cessit\u00e9 des ententes avec la Garde-C\u00f4ti\u00e8re et la S\u00fbret\u00e9\u00a0 du Qu\u00e9bec notamment. Un p\u00e9rim\u00e8tre de s\u00e9curit\u00e9 sera form\u00e9 sur le Saint-Laurent qui sera envahi de plaisanciers pour le spectacle. La barge longue de 110 pieds et large de 35 pieds sera maintenue en place par des bateaux remorqueurs.<\/p>\n<p>&nbsp;<\/p>\n<p>L\u2019artificier raymondois responsable de la conception et du montage du spectacle est appuy\u00e9 d\u2019une vingtaine de pyrotechniciens. Seuls le vent et de fortes vagues pourraient emp\u00eacher la pr\u00e9sentation du feu d\u2019artifice, dit M. Cantin qui \u0153uvre dans ce domaine depuis 1989.<\/p>\n<p>&nbsp;<\/p>\n<p>Les feux de l\u2019orchestre font partie des festivit\u00e9s &lt;&lt;Le pont de Qu\u00e9bec, une rencontre entre deux rives&gt;&gt;. Selon Gino Cantin, les feux pourront \u00eatre vus de Sillery sur la rive nord, et de plusieurs endroits pr\u00e8s du fleuve \u00e0 Saint-Romuald. Le Parc du Rigolet situ\u00e9 pr\u00e8s du Juv\u00e9nat Notre-Dame et de l\u2019h\u00f4tel de ville \u00e0 Saint-Romuald peut accueillir quelque 8000 personnes.<\/p>\n<p>&nbsp;<\/p>\n<p>&nbsp;<\/p>\n<p><strong><em>Gino Cantin, de Pyromax, finalise actuellement la pr\u00e9paration d\u2019un spectacle pyrotechnique tr\u00e8s complexe qui sera pr\u00e9sent\u00e9 au-dessus du Saint-Laurent le 17ao\u00fbt.<\/em><\/strong><\/p>\n<p>&nbsp;<\/p>\n<p>Article originaux.<\/p>\n<p>&nbsp;<\/p>\n<p>&nbsp;<\/p>\n<ul>\n<li><a href=\"https:\/\/pyromax\/wp-content\/uploads\/article07.pdf\" target=\"_blank\">Pyromax devant plus de 100 000 personnes<\/a><\/li>\n<\/ul>\n<p>&nbsp;<\/p>\n<p>&nbsp;<\/p>\n","protected":false},"excerpt":{"rendered":"<p>PYROMAX DEVANT PLUS DE 100\u00a0000 PERSONNES &nbsp; GINO CANTIN SE PR\u00c9PARE F\u00c9BRILLEMENT POUR LE 17 AO\u00dbT &nbsp; Plus de 100\u00a0000 personnes devraient admirer les feux d\u2019artifice de Pyromax, de Saint-Raymond, au-dessus du fleuve Saint-Laurent le 17 ao\u00fbt, selon les pr\u00e9visions transmises au dirigeant de l\u2019entreprise, Gino Cantin. &nbsp; L\u2019artificier travaille actuellement \u00e0 peaufiner le spectacle [&hellip;]<\/p>\n","protected":false},"author":1,"featured_media":0,"parent":0,"menu_order":0,"comment_status":"closed","ping_status":"open","template":"page-templates\/template_fullwidth.php","meta":{"pgc_meta":"","_eb_attr":"","ocean_post_layout":"","ocean_both_sidebars_style":"","ocean_both_sidebars_content_width":0,"ocean_both_sidebars_sidebars_width":0,"ocean_sidebar":"","ocean_second_sidebar":"","ocean_disable_margins":"enable","ocean_add_body_class":"","ocean_shortcode_before_top_bar":"","ocean_shortcode_after_top_bar":"","ocean_shortcode_before_header":"","ocean_shortcode_after_header":"","ocean_has_shortcode":"","ocean_shortcode_after_title":"","ocean_shortcode_before_footer_widgets":"","ocean_shortcode_after_footer_widgets":"","ocean_shortcode_before_footer_bottom":"","ocean_shortcode_after_footer_bottom":"","ocean_display_top_bar":"default","ocean_display_header":"default","ocean_header_style":"","ocean_center_header_left_menu":"","ocean_custom_header_template":"","ocean_custom_logo":0,"ocean_custom_retina_logo":0,"ocean_custom_logo_max_width":0,"ocean_custom_logo_tablet_max_width":0,"ocean_custom_logo_mobile_max_width":0,"ocean_custom_logo_max_height":0,"ocean_custom_logo_tablet_max_height":0,"ocean_custom_logo_mobile_max_height":0,"ocean_header_custom_menu":"","ocean_menu_typo_font_family":"","ocean_menu_typo_font_subset":"","ocean_menu_typo_font_size":0,"ocean_menu_typo_font_size_tablet":0,"ocean_menu_typo_font_size_mobile":0,"ocean_menu_typo_font_size_unit":"px","ocean_menu_typo_font_weight":"","ocean_menu_typo_font_weight_tablet":"","ocean_menu_typo_font_weight_mobile":"","ocean_menu_typo_transform":"","ocean_menu_typo_transform_tablet":"","ocean_menu_typo_transform_mobile":"","ocean_menu_typo_line_height":0,"ocean_menu_typo_line_height_tablet":0,"ocean_menu_typo_line_height_mobile":0,"ocean_menu_typo_line_height_unit":"","ocean_menu_typo_spacing":0,"ocean_menu_typo_spacing_tablet":0,"ocean_menu_typo_spacing_mobile":0,"ocean_menu_typo_spacing_unit":"","ocean_menu_link_color":"","ocean_menu_link_color_hover":"","ocean_menu_link_color_active":"","ocean_menu_link_background":"","ocean_menu_link_hover_background":"","ocean_menu_link_active_background":"","ocean_menu_social_links_bg":"","ocean_menu_social_hover_links_bg":"","ocean_menu_social_links_color":"","ocean_menu_social_hover_links_color":"","ocean_disable_title":"default","ocean_disable_heading":"default","ocean_post_title":"","ocean_post_subheading":"","ocean_post_title_style":"","ocean_post_title_background_color":"","ocean_post_title_background":0,"ocean_post_title_bg_image_position":"","ocean_post_title_bg_image_attachment":"","ocean_post_title_bg_image_repeat":"","ocean_post_title_bg_image_size":"","ocean_post_title_height":0,"ocean_post_title_bg_overlay":0.5,"ocean_post_title_bg_overlay_color":"","ocean_disable_breadcrumbs":"default","ocean_breadcrumbs_color":"","ocean_breadcrumbs_separator_color":"","ocean_breadcrumbs_links_color":"","ocean_breadcrumbs_links_hover_color":"","ocean_display_footer_widgets":"default","ocean_display_footer_bottom":"default","ocean_custom_footer_template":"","footnotes":""},"pgc_meta":"","_links":{"self":[{"href":"https:\/\/pyromax.ca\/index.php?rest_route=\/wp\/v2\/pages\/8005"}],"collection":[{"href":"https:\/\/pyromax.ca\/index.php?rest_route=\/wp\/v2\/pages"}],"about":[{"href":"https:\/\/pyromax.ca\/index.php?rest_route=\/wp\/v2\/types\/page"}],"author":[{"embeddable":true,"href":"https:\/\/pyromax.ca\/index.php?rest_route=\/wp\/v2\/users\/1"}],"replies":[{"embeddable":true,"href":"https:\/\/pyromax.ca\/index.php?rest_route=%2Fwp%2Fv2%2Fcomments&post=8005"}],"version-history":[{"count":0,"href":"https:\/\/pyromax.ca\/index.php?rest_route=\/wp\/v2\/pages\/8005\/revisions"}],"wp:attachment":[{"href":"https:\/\/pyromax.ca\/index.php?rest_route=%2Fwp%2Fv2%2Fmedia&parent=8005"}],"curies":[{"name":"wp","href":"https:\/\/api.w.org\/{rel}","templated":true}]}}