{"id":7999,"date":"2015-05-14T16:08:24","date_gmt":"2015-05-14T16:08:24","guid":{"rendered":"https:\/\/pyromax\/?page_id=7999"},"modified":"2018-06-06T12:15:45","modified_gmt":"2018-06-06T12:15:45","slug":"lentreprise-prepare-un-spectacle-dans-le-cadre-des-fetes-du-400e-de-quebec","status":"publish","type":"page","link":"https:\/\/pyromax.ca\/?page_id=7999","title":{"rendered":"L\u2019ENTREPRISE PR\u00c9PARE UN SPECTACLE DANS LE CADRE DES F\u00caTES DU 400E DE QU\u00c9BEC"},"content":{"rendered":"<h1><strong>PYROMAX DANS LA COURS DES GRANDS<\/strong><\/h1>\n<p>&nbsp;<\/p>\n<h2><strong>L\u2019ENTREPRISE PR\u00c9PARE UN SPECTACLE DANS LE CADRE DES F\u00caTES DU 400<sup>E<\/sup> DE QU\u00c9BEC<\/strong><\/h2>\n<p>&nbsp;<\/p>\n<p>L\u2019entreprise de pyrotechnie Pyromax de Saint-Romuald pr\u00e9sentera un spectacle de grande envergure \u00e0 L\u00e9vis dans le cadre des f\u00eates du 400<sup>e<\/sup> anniversaire de Qu\u00e9bec, le 17 ao\u00fbt.<\/p>\n<p>&nbsp;<\/p>\n<p>Pyromax a \u00e9t\u00e9 choisi pour concevoir et organiser un spectacle pyrotechnique au-dessus du fleuve Saint-Laurent \u00e0 L\u00e9vis, des feux d\u2019artifice qui seront accompagn\u00e9s de la musique de l\u2019orchestre symphonique de L\u00e9vis (OSL). L\u2019\u00e9v\u00e9nement se d\u00e9roule dans le cadre des festivit\u00e9s &lt;&lt;Le pont de Qu\u00e9bec, une rencontre entre deux rives&gt;&gt;.<\/p>\n<p>&nbsp;<\/p>\n<p>Le spectacle intitul\u00e9 &lt;&lt;les feux de l\u2019orchestre&gt;&gt; durera 18 minutes 35 secondes. Soixante musiciens de l\u2019OSL sous la direction du chef Gilles Auger accompagneront musicalement les feux de Pyromax.<\/p>\n<p>&nbsp;<\/p>\n<p>Le plus important projet de l\u2019histoire de l\u2019entreprise raymondoise n\u00e9cessitera que les canons de lancement des bombes soient install\u00e9s sur une barge, sur le fleuve. Les musiciens se situeront pr\u00e8s de l\u2019h\u00f4tel de ville de L\u00e9vis dans l\u2019arrondissement Saint-Romuald.<\/p>\n<p>&nbsp;<\/p>\n<p>&lt;&lt;Il y aura des yeux sur nous. Les ligues majeures vont nous observer, c\u2019est une occasion de montrer o\u00f9 est rendu Pyromax et ce que je suis capable de faire&gt;&gt;, dit Gino Cantin, propri\u00e9taire de l\u2019entreprise charg\u00e9 de la conception et du montage du spectacle de feux d\u2019artifice. M. Cantin a d\u00e9j\u00e0 fait partie d\u2019\u00e9quipes lors des Grands Feux Loto-Qu\u00e9bec.<\/p>\n<p>&nbsp;<\/p>\n<p>Le spectacle comprendra environ 2500 pi\u00e8ces pyrotechniques r\u00e9sultant en quelque 12 000 explosions qui illumineront le ciel au-dessus du Saint-Laurent. M. Cantin s\u2019est entour\u00e9 d\u2019une \u00e9quipe d\u2019experts du domaine pour l\u2019appuyer dans son travail, dont Patrick Brault, Charles Dallaire et Michel Lavigne. Au total, c\u2019est une vingtaine de personnes qui travailleront pour Pyromax.<\/p>\n<p>&nbsp;<\/p>\n<p>Selon M. Cantin, le projet initial \u00e9tait de pr\u00e9senter le spectacle pr\u00e8s des ponts de Qu\u00e9bec et Pierre-Laporte \u00e0 partir de la marina de Saint-Romuald, mais l\u2019\u00e9v\u00e9nement aurait pu causer des perturbations \u00e0 la circulation sur l\u2019autoroute 20 et il a \u00e9t\u00e9 d\u00e9plac\u00e9 \u00e0 cinq Kilom\u00e8tres des ponts.<\/p>\n<p>&nbsp;<\/p>\n<p>Les bombes seront lanc\u00e9es d\u2019une distance d\u2019environ 450 m\u00e8tres de la rive et les feux d\u2019artifice pourront \u00eatre vus de Qu\u00e9bec et de la rive-sud. &lt;&lt;Le principale force du spectacle sera compos\u00e9e de pi\u00e8ces pyrotechniques espagnoles et chinoises&gt;&gt;, indique Gino Cantin. Selon lui, seul le vent peut causer des probl\u00e8mes lors de la repr\u00e9sentation.<\/p>\n<p>&nbsp;<\/p>\n<p>Pyromax existe depuis 1994. L\u2019entreprise pr\u00e9sente en moyenne une quarantaine de spectacles d\u2019envergure par saison. L\u2019\u00e9v\u00e9nement du 17 ao\u00fbt pourrait\u00a0 faire passer Pyromax, l\u2019une des dix plus importantes entreprises du genre au Qu\u00e9bec, dans les &lt;&lt;ligues majeures&gt;&gt; du domaine et ouvrir des portes \u00e0 l\u2019ext\u00e9rieur de la province, avoue M. Cantin.<\/p>\n<p>&nbsp;<\/p>\n<p>&nbsp;<\/p>\n<p>Article original<\/p>\n<p>&nbsp;<\/p>\n<ul>\n<li><a href=\"https:\/\/pyromax\/wp-content\/uploads\/article06.pdf\" target=\"_blank\">Pyromax dans la cour des grands<\/a><\/li>\n<\/ul>\n<p>&nbsp;<\/p>\n","protected":false},"excerpt":{"rendered":"<p>PYROMAX DANS LA COURS DES GRANDS &nbsp; L\u2019ENTREPRISE PR\u00c9PARE UN SPECTACLE DANS LE CADRE DES F\u00caTES DU 400E DE QU\u00c9BEC &nbsp; L\u2019entreprise de pyrotechnie Pyromax de Saint-Romuald pr\u00e9sentera un spectacle de grande envergure \u00e0 L\u00e9vis dans le cadre des f\u00eates du 400e anniversaire de Qu\u00e9bec, le 17 ao\u00fbt. &nbsp; Pyromax a \u00e9t\u00e9 choisi pour concevoir [&hellip;]<\/p>\n","protected":false},"author":1,"featured_media":0,"parent":0,"menu_order":0,"comment_status":"closed","ping_status":"open","template":"page-templates\/template_fullwidth.php","meta":{"pgc_meta":"","_eb_attr":"","ocean_post_layout":"","ocean_both_sidebars_style":"","ocean_both_sidebars_content_width":0,"ocean_both_sidebars_sidebars_width":0,"ocean_sidebar":"","ocean_second_sidebar":"","ocean_disable_margins":"enable","ocean_add_body_class":"","ocean_shortcode_before_top_bar":"","ocean_shortcode_after_top_bar":"","ocean_shortcode_before_header":"","ocean_shortcode_after_header":"","ocean_has_shortcode":"","ocean_shortcode_after_title":"","ocean_shortcode_before_footer_widgets":"","ocean_shortcode_after_footer_widgets":"","ocean_shortcode_before_footer_bottom":"","ocean_shortcode_after_footer_bottom":"","ocean_display_top_bar":"default","ocean_display_header":"default","ocean_header_style":"","ocean_center_header_left_menu":"","ocean_custom_header_template":"","ocean_custom_logo":0,"ocean_custom_retina_logo":0,"ocean_custom_logo_max_width":0,"ocean_custom_logo_tablet_max_width":0,"ocean_custom_logo_mobile_max_width":0,"ocean_custom_logo_max_height":0,"ocean_custom_logo_tablet_max_height":0,"ocean_custom_logo_mobile_max_height":0,"ocean_header_custom_menu":"","ocean_menu_typo_font_family":"","ocean_menu_typo_font_subset":"","ocean_menu_typo_font_size":0,"ocean_menu_typo_font_size_tablet":0,"ocean_menu_typo_font_size_mobile":0,"ocean_menu_typo_font_size_unit":"px","ocean_menu_typo_font_weight":"","ocean_menu_typo_font_weight_tablet":"","ocean_menu_typo_font_weight_mobile":"","ocean_menu_typo_transform":"","ocean_menu_typo_transform_tablet":"","ocean_menu_typo_transform_mobile":"","ocean_menu_typo_line_height":0,"ocean_menu_typo_line_height_tablet":0,"ocean_menu_typo_line_height_mobile":0,"ocean_menu_typo_line_height_unit":"","ocean_menu_typo_spacing":0,"ocean_menu_typo_spacing_tablet":0,"ocean_menu_typo_spacing_mobile":0,"ocean_menu_typo_spacing_unit":"","ocean_menu_link_color":"","ocean_menu_link_color_hover":"","ocean_menu_link_color_active":"","ocean_menu_link_background":"","ocean_menu_link_hover_background":"","ocean_menu_link_active_background":"","ocean_menu_social_links_bg":"","ocean_menu_social_hover_links_bg":"","ocean_menu_social_links_color":"","ocean_menu_social_hover_links_color":"","ocean_disable_title":"default","ocean_disable_heading":"default","ocean_post_title":"","ocean_post_subheading":"","ocean_post_title_style":"","ocean_post_title_background_color":"","ocean_post_title_background":0,"ocean_post_title_bg_image_position":"","ocean_post_title_bg_image_attachment":"","ocean_post_title_bg_image_repeat":"","ocean_post_title_bg_image_size":"","ocean_post_title_height":0,"ocean_post_title_bg_overlay":0.5,"ocean_post_title_bg_overlay_color":"","ocean_disable_breadcrumbs":"default","ocean_breadcrumbs_color":"","ocean_breadcrumbs_separator_color":"","ocean_breadcrumbs_links_color":"","ocean_breadcrumbs_links_hover_color":"","ocean_display_footer_widgets":"default","ocean_display_footer_bottom":"default","ocean_custom_footer_template":"","footnotes":""},"pgc_meta":"","_links":{"self":[{"href":"https:\/\/pyromax.ca\/index.php?rest_route=\/wp\/v2\/pages\/7999"}],"collection":[{"href":"https:\/\/pyromax.ca\/index.php?rest_route=\/wp\/v2\/pages"}],"about":[{"href":"https:\/\/pyromax.ca\/index.php?rest_route=\/wp\/v2\/types\/page"}],"author":[{"embeddable":true,"href":"https:\/\/pyromax.ca\/index.php?rest_route=\/wp\/v2\/users\/1"}],"replies":[{"embeddable":true,"href":"https:\/\/pyromax.ca\/index.php?rest_route=%2Fwp%2Fv2%2Fcomments&post=7999"}],"version-history":[{"count":0,"href":"https:\/\/pyromax.ca\/index.php?rest_route=\/wp\/v2\/pages\/7999\/revisions"}],"wp:attachment":[{"href":"https:\/\/pyromax.ca\/index.php?rest_route=%2Fwp%2Fv2%2Fmedia&parent=7999"}],"curies":[{"name":"wp","href":"https:\/\/api.w.org\/{rel}","templated":true}]}}