{"id":7996,"date":"2015-05-14T16:05:41","date_gmt":"2015-05-14T16:05:41","guid":{"rendered":"https:\/\/pyromax\/?page_id=7996"},"modified":"2018-06-06T12:15:45","modified_gmt":"2018-06-06T12:15:45","slug":"pyromax-au-festival-dete-de-shawinigan","status":"publish","type":"page","link":"https:\/\/pyromax.ca\/?page_id=7996","title":{"rendered":"Pyromax au Festival d\u2019\u00e9t\u00e9 de Shawinigan"},"content":{"rendered":"<h1><strong>Pyromax au Festival d\u2019\u00e9t\u00e9 de Shawinigan<\/strong><\/h1>\n<p>&nbsp;<\/p>\n<h2><strong>Gino Cantin compte en faire voir de toutes les couleurs aux gens qui assisteront \u00e0 la 4<sup>e<\/sup> Invitation qu\u00e9b\u00e9coise de pyrotechnie qui aura lieu lors du Festival d\u2019\u00e9t\u00e9 de Shawinigan.<\/strong><\/h2>\n<p>&nbsp;<\/p>\n<p>Son entreprise, Pyromax d\u00e9fendra les couleurs de la r\u00e9gion de Qu\u00e9bec. Trois autres artificiers repr\u00e9senteront respectivement l\u2019Abitibi, l\u2019Estrie et la Mauricie lors de cette comp\u00e9tition qui se tiendra du 20 au 24 juin.<\/p>\n<p>&nbsp;<\/p>\n<p>C\u2019est la premi\u00e8re fois de sa carri\u00e8re d\u2019artificier que Gino Cantin, de St-Raymond, participe \u00e0 un concours de pyrotechnie. Il y a quelques ann\u00e9es, il avait collabor\u00e9 comme aide technique aux Grands prix Loto-Qu\u00e9bec, aux chutes Montmorency. A Shawinigan, c\u2019est lui qui donnera le spectacle.<\/p>\n<p>&nbsp;<\/p>\n<p>&lt;&lt;En 12 minutes, je pr\u00e9vois faire \u00e9clater entre 600 et 900 obus qui produiront jusqu\u2019\u00e0 2500 effets et explosions&gt;&gt;, calcule l\u2019artificier qui a fait sauter ses premiers obus il y a 15 ans.<\/p>\n<p>&nbsp;<\/p>\n<p>Gino Cantin a commenc\u00e9 la conception de son feu pyro-musical, qui consiste \u00e0 coordonner musique et explosions. Il pr\u00e9voit consacrer 80 heures de travail \u00e0 la pr\u00e9paration de ce feu qui durera 12 minutes en tout\u00a0 et pour tout.<\/p>\n<p>&nbsp;<\/p>\n<p>Son plus grand d\u00e9fi, \u00e0 son avis, sera d\u2019ouvrir le concours. Il lui faudra faire les choses en grand pour que les juges se souviennent de son feu d\u2019artifice apr\u00e8s avoir vu ceux des autres concurrents. &lt;&lt;C\u2019est toujours plus difficile d\u2019\u00eatre le premier. C\u2019est pourquoi il faut que je les surprenne, explique-t-il. Il faut aussi que je trouve un th\u00e8me musical pour accrocher le public&gt;&gt;. Il a pens\u00e9 puiser dans le r\u00e9pertoire de l\u2019\u00e9mission \u00e0 succ\u00e8s &lt;&lt;Star Acad\u00e9mie&gt;&gt;.<\/p>\n<p>&nbsp;<\/p>\n<p>Gino Cantin est fier de participer au concours de Shawinigan, mais non parce que c\u2019est le plus gros; il est beaucoup moins que les Grands feux Loto-Qu\u00e9bec de Qu\u00e9bec ou le Mondial de la SAQ de Montr\u00e9al o\u00f9 ce sont des pays qui s\u2019affrontent. &lt;&lt;C\u2019est le d\u00e9fi qui est int\u00e9ressant et si on gagne, on peut participer \u00e0 de plus grosse comp\u00e9titions&gt;&gt;, explique-t-il. Le prix du concours de Shawinigan est de faire la cl\u00f4ture l\u2019ann\u00e9e prochaine.<\/p>\n<p>&nbsp;<\/p>\n<p>C\u2019est la simple curiosit\u00e9 qui a amen\u00e9 Gino Cantin \u00e0 s\u2019int\u00e9resser aux feux d\u2019artifice. &lt;&lt;J\u2019avais un d\u00e9panneur et les clients me posaient des questions sur les effets de chacun. Je les ai tous essay\u00e9s&gt;&gt;, raconte-t-il.<\/p>\n<p>&nbsp;<\/p>\n<p>IL y a 10 ans, apr\u00e8s avoir suivi les cours d\u2019artificier du minist\u00e8re des ressources naturelles du Canada, l\u2019artificier a fond\u00e9 sa propre compagnie de pyrotechnie, Pyromax. Aujourd\u2019hui il pr\u00e9sente de 50 \u00e0 80 feux d\u2019artifice par ann\u00e9e, la grande majorit\u00e9 en \u00e9t\u00e9, m\u00eame si des gens commencent \u00e0 lui en commander l\u2019hiver.<\/p>\n<p>&nbsp;<\/p>\n<p>Dans les temps forts, pour la f\u00eate nationale par exemple, il peut employer jusqu\u2019\u00e0 20 personnes. &lt;&lt;Entre le 20 et le 24 juin, nous allons pr\u00e9senter 32 feux, dont 11 le soir du 23&gt;&gt;! dit-il. Son entreprise pr\u00e9sente des feux d\u2019artifice aussi bien en Mauricie, en Gasp\u00e9sie qu\u2019au Nouveau-Brunswick. Outre les f\u00eates nationales, c\u2019est surtout lors des f\u00eates de village qu\u2019on requiert ses services. Ainsi, c\u2019est Pyromax qui pr\u00e9sentera le feu d\u2019artifice du 75<sup>e<\/sup> anniversaire de Beaupr\u00e9 l\u2019\u00e9t\u00e9 prochain.<\/p>\n<p>&nbsp;<\/p>\n<p>&lt;&lt;Quand j\u2019ai commenc\u00e9 les feux d\u2019artifice, les gens \u00e9taient sceptiques. Aujourd\u2019hui, on r\u00e9colte des compliments&gt;&gt;, raconte Gino Cantin qui pr\u00e9voit organiser un autobus pour ceux qui voudront l\u2019accompagner \u00e0 Shawinigan-Sud.<\/p>\n<p>&nbsp;<\/p>\n<p>Le spectacle de Pyromax aura lieu le 20 juin, \u00e0 22h30, \u00e0 l\u2019\u00e9cole secondaire Val-Mauricie \u00e0 Shawinigan-Sud. Les artificiers s\u2019installeront dans la pente de la station de ski toute proche. Le co\u00fbt d\u2019entr\u00e9e est de 15$ pour une soir\u00e9e, qui comprend d\u2019autres spectacles. Un passeport, vendu 20$, donnera acc\u00e8s au site durant toute la dur\u00e9e du festival.<\/p>\n<p>&nbsp;<\/p>\n<p>Article original<\/p>\n<p>&nbsp;<\/p>\n<ul>\n<li><a href=\"https:\/\/pyromax\/wp-content\/uploads\/article17.pdf\" target=\"_blank\">Pyromax au Festival d&rsquo;\u00e9t\u00e9 de Shawinigan<\/a><\/li>\n<\/ul>\n<p>&nbsp;<\/p>\n<p>&nbsp;<\/p>\n","protected":false},"excerpt":{"rendered":"<p>Pyromax au Festival d\u2019\u00e9t\u00e9 de Shawinigan &nbsp; Gino Cantin compte en faire voir de toutes les couleurs aux gens qui assisteront \u00e0 la 4e Invitation qu\u00e9b\u00e9coise de pyrotechnie qui aura lieu lors du Festival d\u2019\u00e9t\u00e9 de Shawinigan. &nbsp; Son entreprise, Pyromax d\u00e9fendra les couleurs de la r\u00e9gion de Qu\u00e9bec. Trois autres artificiers repr\u00e9senteront respectivement l\u2019Abitibi, [&hellip;]<\/p>\n","protected":false},"author":1,"featured_media":0,"parent":0,"menu_order":0,"comment_status":"closed","ping_status":"open","template":"page-templates\/template_fullwidth.php","meta":{"pgc_meta":"","_eb_attr":"","ocean_post_layout":"","ocean_both_sidebars_style":"","ocean_both_sidebars_content_width":0,"ocean_both_sidebars_sidebars_width":0,"ocean_sidebar":"","ocean_second_sidebar":"","ocean_disable_margins":"enable","ocean_add_body_class":"","ocean_shortcode_before_top_bar":"","ocean_shortcode_after_top_bar":"","ocean_shortcode_before_header":"","ocean_shortcode_after_header":"","ocean_has_shortcode":"","ocean_shortcode_after_title":"","ocean_shortcode_before_footer_widgets":"","ocean_shortcode_after_footer_widgets":"","ocean_shortcode_before_footer_bottom":"","ocean_shortcode_after_footer_bottom":"","ocean_display_top_bar":"default","ocean_display_header":"default","ocean_header_style":"","ocean_center_header_left_menu":"","ocean_custom_header_template":"","ocean_custom_logo":0,"ocean_custom_retina_logo":0,"ocean_custom_logo_max_width":0,"ocean_custom_logo_tablet_max_width":0,"ocean_custom_logo_mobile_max_width":0,"ocean_custom_logo_max_height":0,"ocean_custom_logo_tablet_max_height":0,"ocean_custom_logo_mobile_max_height":0,"ocean_header_custom_menu":"","ocean_menu_typo_font_family":"","ocean_menu_typo_font_subset":"","ocean_menu_typo_font_size":0,"ocean_menu_typo_font_size_tablet":0,"ocean_menu_typo_font_size_mobile":0,"ocean_menu_typo_font_size_unit":"px","ocean_menu_typo_font_weight":"","ocean_menu_typo_font_weight_tablet":"","ocean_menu_typo_font_weight_mobile":"","ocean_menu_typo_transform":"","ocean_menu_typo_transform_tablet":"","ocean_menu_typo_transform_mobile":"","ocean_menu_typo_line_height":0,"ocean_menu_typo_line_height_tablet":0,"ocean_menu_typo_line_height_mobile":0,"ocean_menu_typo_line_height_unit":"","ocean_menu_typo_spacing":0,"ocean_menu_typo_spacing_tablet":0,"ocean_menu_typo_spacing_mobile":0,"ocean_menu_typo_spacing_unit":"","ocean_menu_link_color":"","ocean_menu_link_color_hover":"","ocean_menu_link_color_active":"","ocean_menu_link_background":"","ocean_menu_link_hover_background":"","ocean_menu_link_active_background":"","ocean_menu_social_links_bg":"","ocean_menu_social_hover_links_bg":"","ocean_menu_social_links_color":"","ocean_menu_social_hover_links_color":"","ocean_disable_title":"default","ocean_disable_heading":"default","ocean_post_title":"","ocean_post_subheading":"","ocean_post_title_style":"","ocean_post_title_background_color":"","ocean_post_title_background":0,"ocean_post_title_bg_image_position":"","ocean_post_title_bg_image_attachment":"","ocean_post_title_bg_image_repeat":"","ocean_post_title_bg_image_size":"","ocean_post_title_height":0,"ocean_post_title_bg_overlay":0.5,"ocean_post_title_bg_overlay_color":"","ocean_disable_breadcrumbs":"default","ocean_breadcrumbs_color":"","ocean_breadcrumbs_separator_color":"","ocean_breadcrumbs_links_color":"","ocean_breadcrumbs_links_hover_color":"","ocean_display_footer_widgets":"default","ocean_display_footer_bottom":"default","ocean_custom_footer_template":"","footnotes":""},"pgc_meta":"","_links":{"self":[{"href":"https:\/\/pyromax.ca\/index.php?rest_route=\/wp\/v2\/pages\/7996"}],"collection":[{"href":"https:\/\/pyromax.ca\/index.php?rest_route=\/wp\/v2\/pages"}],"about":[{"href":"https:\/\/pyromax.ca\/index.php?rest_route=\/wp\/v2\/types\/page"}],"author":[{"embeddable":true,"href":"https:\/\/pyromax.ca\/index.php?rest_route=\/wp\/v2\/users\/1"}],"replies":[{"embeddable":true,"href":"https:\/\/pyromax.ca\/index.php?rest_route=%2Fwp%2Fv2%2Fcomments&post=7996"}],"version-history":[{"count":0,"href":"https:\/\/pyromax.ca\/index.php?rest_route=\/wp\/v2\/pages\/7996\/revisions"}],"wp:attachment":[{"href":"https:\/\/pyromax.ca\/index.php?rest_route=%2Fwp%2Fv2%2Fmedia&parent=7996"}],"curies":[{"name":"wp","href":"https:\/\/api.w.org\/{rel}","templated":true}]}}