{"id":7993,"date":"2015-05-14T16:01:48","date_gmt":"2015-05-14T16:01:48","guid":{"rendered":"https:\/\/pyromax\/?page_id=7993"},"modified":"2018-06-06T12:15:45","modified_gmt":"2018-06-06T12:15:45","slug":"pyromax-au-400ieme-avec-losl","status":"publish","type":"page","link":"https:\/\/pyromax.ca\/?page_id=7993","title":{"rendered":"Pyromax au 400i\u00e8me avec l\u2019osl"},"content":{"rendered":"<p><strong><em>Pyromax au 400<sup>i\u00e8me<\/sup> avec l\u2019osl<\/em><\/strong><\/p>\n<p>&nbsp;<\/p>\n<p><strong><em>Au Pont Citoyens!<\/em><\/strong><\/p>\n<p>&nbsp;<\/p>\n<p><strong><em>Le 17 ao\u00fbt prochain, le Pont de Qu\u00e9bec se ferme \u00e0 la circulation automobile, se pare de ses plus beaux atours et invite la population \u00e0 venir festoyer sur son tablier.<\/em><\/strong> Organis\u00e9e par Rues principales Saint-Romuald dans le cadre des festivit\u00e9s du 400<sup>i\u00e8me<\/sup> anniversaire de Qu\u00e9bec, l\u2019activit\u00e9 &lt;&lt;Un pont\u2026un jardin de fer&gt;&gt; se tiendra entre 11h00 et 16h00. Au programme\u00a0: reconstitution d\u2019une maquette g\u00e9ante du pont, un espace d\u2019\u00e9poque, un espace des l\u00e9gendes, du th\u00e9\u00e2tre interactif, une visite comment\u00e9e et plus encore.<\/p>\n<p>&nbsp;<\/p>\n<p>Les visiteurs pourront entendre les r\u00e9cits de souvenirs reli\u00e9s \u00e0 la construction de ce pont cantilever. Par la suite, une soir\u00e9e champ\u00eatre se tiendra au Parc du Rigolet dans le quartier Saint-Romuald. Ce sera l\u2019occasion de se restaurer avec des produits du terroir tout en profitant des prestations musicales notamment &lt;&lt;Le ragtime de Qu\u00e9bec&gt;&gt; et le spectacle &lt;&lt;Au temps des cabarets&gt;&gt;.<\/p>\n<p>&nbsp;<\/p>\n<p>Une fois la nuit tomb\u00e9e, \u00e0 21h15, place \u00e0 la magie de la pyrotechnie avec &lt;&lt;Les feux de l\u2019orchestre&gt;&gt;, un spectacle pyromusicale mettant en vedette l\u2019Orchestre symphonique de L\u00e9vis et Pyromax aux commandes des bombes de lumi\u00e8re.<\/p>\n<p>&nbsp;<\/p>\n<p>Pour information\u00a0: 418-834-3662. (N.ST-P.)<\/p>\n<p>Article original<\/p>\n<p>&nbsp;<\/p>\n<ul>\n<li><a href=\"https:\/\/pyromax\/wp-content\/uploads\/article18.pdf\" target=\"_blank\">Pyromax au 400e de Qu\u00e9bec<\/a><\/li>\n<\/ul>\n<p>&nbsp;<\/p>\n","protected":false},"excerpt":{"rendered":"<p>Pyromax au 400i\u00e8me avec l\u2019osl &nbsp; Au Pont Citoyens! &nbsp; Le 17 ao\u00fbt prochain, le Pont de Qu\u00e9bec se ferme \u00e0 la circulation automobile, se pare de ses plus beaux atours et invite la population \u00e0 venir festoyer sur son tablier. Organis\u00e9e par Rues principales Saint-Romuald dans le cadre des festivit\u00e9s du 400i\u00e8me anniversaire de [&hellip;]<\/p>\n","protected":false},"author":1,"featured_media":0,"parent":0,"menu_order":0,"comment_status":"closed","ping_status":"open","template":"page-templates\/template_fullwidth.php","meta":{"pgc_meta":"","_eb_attr":"","ocean_post_layout":"","ocean_both_sidebars_style":"","ocean_both_sidebars_content_width":0,"ocean_both_sidebars_sidebars_width":0,"ocean_sidebar":"","ocean_second_sidebar":"","ocean_disable_margins":"enable","ocean_add_body_class":"","ocean_shortcode_before_top_bar":"","ocean_shortcode_after_top_bar":"","ocean_shortcode_before_header":"","ocean_shortcode_after_header":"","ocean_has_shortcode":"","ocean_shortcode_after_title":"","ocean_shortcode_before_footer_widgets":"","ocean_shortcode_after_footer_widgets":"","ocean_shortcode_before_footer_bottom":"","ocean_shortcode_after_footer_bottom":"","ocean_display_top_bar":"default","ocean_display_header":"default","ocean_header_style":"","ocean_center_header_left_menu":"","ocean_custom_header_template":"","ocean_custom_logo":0,"ocean_custom_retina_logo":0,"ocean_custom_logo_max_width":0,"ocean_custom_logo_tablet_max_width":0,"ocean_custom_logo_mobile_max_width":0,"ocean_custom_logo_max_height":0,"ocean_custom_logo_tablet_max_height":0,"ocean_custom_logo_mobile_max_height":0,"ocean_header_custom_menu":"","ocean_menu_typo_font_family":"","ocean_menu_typo_font_subset":"","ocean_menu_typo_font_size":0,"ocean_menu_typo_font_size_tablet":0,"ocean_menu_typo_font_size_mobile":0,"ocean_menu_typo_font_size_unit":"px","ocean_menu_typo_font_weight":"","ocean_menu_typo_font_weight_tablet":"","ocean_menu_typo_font_weight_mobile":"","ocean_menu_typo_transform":"","ocean_menu_typo_transform_tablet":"","ocean_menu_typo_transform_mobile":"","ocean_menu_typo_line_height":0,"ocean_menu_typo_line_height_tablet":0,"ocean_menu_typo_line_height_mobile":0,"ocean_menu_typo_line_height_unit":"","ocean_menu_typo_spacing":0,"ocean_menu_typo_spacing_tablet":0,"ocean_menu_typo_spacing_mobile":0,"ocean_menu_typo_spacing_unit":"","ocean_menu_link_color":"","ocean_menu_link_color_hover":"","ocean_menu_link_color_active":"","ocean_menu_link_background":"","ocean_menu_link_hover_background":"","ocean_menu_link_active_background":"","ocean_menu_social_links_bg":"","ocean_menu_social_hover_links_bg":"","ocean_menu_social_links_color":"","ocean_menu_social_hover_links_color":"","ocean_disable_title":"default","ocean_disable_heading":"default","ocean_post_title":"","ocean_post_subheading":"","ocean_post_title_style":"","ocean_post_title_background_color":"","ocean_post_title_background":0,"ocean_post_title_bg_image_position":"","ocean_post_title_bg_image_attachment":"","ocean_post_title_bg_image_repeat":"","ocean_post_title_bg_image_size":"","ocean_post_title_height":0,"ocean_post_title_bg_overlay":0.5,"ocean_post_title_bg_overlay_color":"","ocean_disable_breadcrumbs":"default","ocean_breadcrumbs_color":"","ocean_breadcrumbs_separator_color":"","ocean_breadcrumbs_links_color":"","ocean_breadcrumbs_links_hover_color":"","ocean_display_footer_widgets":"default","ocean_display_footer_bottom":"default","ocean_custom_footer_template":"","footnotes":""},"pgc_meta":"","_links":{"self":[{"href":"https:\/\/pyromax.ca\/index.php?rest_route=\/wp\/v2\/pages\/7993"}],"collection":[{"href":"https:\/\/pyromax.ca\/index.php?rest_route=\/wp\/v2\/pages"}],"about":[{"href":"https:\/\/pyromax.ca\/index.php?rest_route=\/wp\/v2\/types\/page"}],"author":[{"embeddable":true,"href":"https:\/\/pyromax.ca\/index.php?rest_route=\/wp\/v2\/users\/1"}],"replies":[{"embeddable":true,"href":"https:\/\/pyromax.ca\/index.php?rest_route=%2Fwp%2Fv2%2Fcomments&post=7993"}],"version-history":[{"count":0,"href":"https:\/\/pyromax.ca\/index.php?rest_route=\/wp\/v2\/pages\/7993\/revisions"}],"wp:attachment":[{"href":"https:\/\/pyromax.ca\/index.php?rest_route=%2Fwp%2Fv2%2Fmedia&parent=7993"}],"curies":[{"name":"wp","href":"https:\/\/api.w.org\/{rel}","templated":true}]}}