{"id":7989,"date":"2015-05-14T15:58:24","date_gmt":"2015-05-14T15:58:24","guid":{"rendered":"https:\/\/pyromax\/?page_id=7989"},"modified":"2018-06-06T12:15:45","modified_gmt":"2018-06-06T12:15:45","slug":"les-feux-loto-quebec","status":"publish","type":"page","link":"https:\/\/pyromax.ca\/?page_id=7989","title":{"rendered":"Les Feux Loto-Qu\u00e9bec"},"content":{"rendered":"<h1><strong>Les Feux Loto-Qu\u00e9bec l\u2019\u00e9t\u00e9 dernier<\/strong><\/h1>\n<p><strong>\u00a0<\/strong><\/p>\n<h2><strong>Toute une exp\u00e9rience pour\u00a0<\/strong><strong>l\u2019\u00e9quipe de Gino Cantin<\/strong><\/h2>\n<p><strong>\u00a0<\/strong><\/p>\n<p><strong>Le groupe de Gino Cantin a constitu\u00e9 l\u2019\u00e9quipe de nuit charg\u00e9e de pr\u00e9parer le terrain pour le spectacle du lendemain. Pour les \u00ab\u00a0artificiers Pyromax\u00a0\u00bb, qui devenaient pour l\u2019occasion des employ\u00e9s de Loto-Qu\u00e9bec, le quart de travail commen\u00e7ait vers 22h30 pour se poursuivre jusque vers 7h30 le lendemain matin.<\/strong><\/p>\n<p>&nbsp;<\/p>\n<p><strong>Pour l\u2019\u00e9quipe de six personnes auxquelles se rajoutaient 2 autres gars de Qu\u00e9bec, apr\u00e8s l\u2019attente de s\u00e9curit\u00e9 de 30 minutes qui suivait le spectacle, la premi\u00e8re \u00e9tape consistait \u00e0 d\u00e9miner les bombes restantes, car lors de chaque spectacle\u00a0 de feux d\u2019artifices, environ 10% des bombes ne partent pas. Parmi ces bombes, un certain nombre ne sont pas r\u00e9utilisables, il faut donc les mener dans un entrep\u00f4t o\u00f9 elles seront r\u00e9utilis\u00e9es lors du spectacle de finale. L\u2019\u00e9quipe de nuit doit ensuite d\u00e9monter les rampes et le filage. Les rampes regroupent jusqu\u2019\u00e0 500 batteries de mortiers et 500 mortiers simples. Quant au filage, il y en a pour une longueur de 15 km. Puis, les artificiers de nuit pr\u00e9parent le terrain et les mortiers pour le feu du lendemain soir.<\/strong><\/p>\n<p>&nbsp;<\/p>\n<p><strong>Gino Cantin a lui-m\u00eame particip\u00e9 au montage du feu de l\u2019Espagne, le premier de la s\u00e9rie Loto-Qu\u00e9bec, le mercredi 17 juillet dernier. Ce qui lui a permis, \u00e0 titre de chef d\u2019\u00e9quipe de nuit, de voir le fonctionnement et l\u2019emplacement du mat\u00e9riel. Puis \u00e0 chaque soir, toute l\u2019\u00e9quipe devait arriver vers 18h afin d\u2019estimer le travail qu\u2019ils auraient \u00e0 faire durant la nuit.<\/strong><\/p>\n<p>&nbsp;<\/p>\n<p><strong>C\u2019est donc toute une exp\u00e9rience qu\u2019 a v\u00e9cue l\u2019\u00e9quipe de Gino Cantin. Parlant de Pyromax, il aura un nouveau point de vente d\u2019ici d\u00e9cembre, \u00e0 l\u2019\u00e9picerie Normand Gingras.<\/strong><\/p>\n<p>&nbsp;<\/p>\n<p><strong>Quant au bureau des Artificiers Pyromax, il est au 108 rue V\u00e9zina dans la Grande Ligne, et on peut les rejoindre au 418-337-4228.<\/strong><\/p>\n<p><strong>\u00a0<\/strong><\/p>\n<p><strong><em>LES GRANDS FEUX LOTO-QU\u00c9BEC, QUI ONT \u00c9T\u00c9 PR\u00c9SENT\u00c9S SUR LE SITE DES CHUTES MONTMORENCY L\u2019\u00c9T\u00c9 DERNIER, ONT DONN\u00c9 DU TRAVAIL \u00c0 SIX PERSONNES DE SAINT-RAYMOND.<\/em><\/strong><\/p>\n<p><strong><em>\u00a0<\/em><\/strong><\/p>\n<p><strong>\u00a0Article original\u00a0<\/strong><\/p>\n<p>&nbsp;<\/p>\n<ul>\n<li><a href=\"https:\/\/pyromax\/wp-content\/uploads\/article01.pdf\" target=\"_blank\">Feux Loto-Qu\u00e9bec<\/a><\/li>\n<\/ul>\n<p><strong><em>\u00a0<\/em><\/strong><\/p>\n<p><strong><em>\u00a0<\/em><\/strong><\/p>\n<p><strong><em>\u00a0<\/em><\/strong><\/p>\n<p><strong><em>\u00a0<\/em><\/strong><\/p>\n<p><strong><em>\u00a0<\/em><\/strong><\/p>\n<p><strong><em>\u00a0<\/em><\/strong><\/p>\n<p><strong><em>\u00a0<\/em><\/strong><\/p>\n<p><strong><em>\u00a0<\/em><\/strong><\/p>\n<p><strong><em>\u00a0<\/em><\/strong><\/p>\n<p><strong>\u00a0<\/strong><\/p>\n<p><strong>\u00a0<\/strong><\/p>\n","protected":false},"excerpt":{"rendered":"<p>Les Feux Loto-Qu\u00e9bec l\u2019\u00e9t\u00e9 dernier \u00a0 Toute une exp\u00e9rience pour\u00a0l\u2019\u00e9quipe de Gino Cantin \u00a0 Le groupe de Gino Cantin a constitu\u00e9 l\u2019\u00e9quipe de nuit charg\u00e9e de pr\u00e9parer le terrain pour le spectacle du lendemain. Pour les \u00ab\u00a0artificiers Pyromax\u00a0\u00bb, qui devenaient pour l\u2019occasion des employ\u00e9s de Loto-Qu\u00e9bec, le quart de travail commen\u00e7ait vers 22h30 pour se [&hellip;]<\/p>\n","protected":false},"author":1,"featured_media":0,"parent":0,"menu_order":0,"comment_status":"closed","ping_status":"open","template":"page-templates\/template_fullwidth.php","meta":{"pgc_meta":"","_eb_attr":"","ocean_post_layout":"","ocean_both_sidebars_style":"","ocean_both_sidebars_content_width":0,"ocean_both_sidebars_sidebars_width":0,"ocean_sidebar":"","ocean_second_sidebar":"","ocean_disable_margins":"enable","ocean_add_body_class":"","ocean_shortcode_before_top_bar":"","ocean_shortcode_after_top_bar":"","ocean_shortcode_before_header":"","ocean_shortcode_after_header":"","ocean_has_shortcode":"","ocean_shortcode_after_title":"","ocean_shortcode_before_footer_widgets":"","ocean_shortcode_after_footer_widgets":"","ocean_shortcode_before_footer_bottom":"","ocean_shortcode_after_footer_bottom":"","ocean_display_top_bar":"default","ocean_display_header":"default","ocean_header_style":"","ocean_center_header_left_menu":"","ocean_custom_header_template":"","ocean_custom_logo":0,"ocean_custom_retina_logo":0,"ocean_custom_logo_max_width":0,"ocean_custom_logo_tablet_max_width":0,"ocean_custom_logo_mobile_max_width":0,"ocean_custom_logo_max_height":0,"ocean_custom_logo_tablet_max_height":0,"ocean_custom_logo_mobile_max_height":0,"ocean_header_custom_menu":"","ocean_menu_typo_font_family":"","ocean_menu_typo_font_subset":"","ocean_menu_typo_font_size":0,"ocean_menu_typo_font_size_tablet":0,"ocean_menu_typo_font_size_mobile":0,"ocean_menu_typo_font_size_unit":"px","ocean_menu_typo_font_weight":"","ocean_menu_typo_font_weight_tablet":"","ocean_menu_typo_font_weight_mobile":"","ocean_menu_typo_transform":"","ocean_menu_typo_transform_tablet":"","ocean_menu_typo_transform_mobile":"","ocean_menu_typo_line_height":0,"ocean_menu_typo_line_height_tablet":0,"ocean_menu_typo_line_height_mobile":0,"ocean_menu_typo_line_height_unit":"","ocean_menu_typo_spacing":0,"ocean_menu_typo_spacing_tablet":0,"ocean_menu_typo_spacing_mobile":0,"ocean_menu_typo_spacing_unit":"","ocean_menu_link_color":"","ocean_menu_link_color_hover":"","ocean_menu_link_color_active":"","ocean_menu_link_background":"","ocean_menu_link_hover_background":"","ocean_menu_link_active_background":"","ocean_menu_social_links_bg":"","ocean_menu_social_hover_links_bg":"","ocean_menu_social_links_color":"","ocean_menu_social_hover_links_color":"","ocean_disable_title":"default","ocean_disable_heading":"default","ocean_post_title":"","ocean_post_subheading":"","ocean_post_title_style":"","ocean_post_title_background_color":"","ocean_post_title_background":0,"ocean_post_title_bg_image_position":"","ocean_post_title_bg_image_attachment":"","ocean_post_title_bg_image_repeat":"","ocean_post_title_bg_image_size":"","ocean_post_title_height":0,"ocean_post_title_bg_overlay":0.5,"ocean_post_title_bg_overlay_color":"","ocean_disable_breadcrumbs":"default","ocean_breadcrumbs_color":"","ocean_breadcrumbs_separator_color":"","ocean_breadcrumbs_links_color":"","ocean_breadcrumbs_links_hover_color":"","ocean_display_footer_widgets":"default","ocean_display_footer_bottom":"default","ocean_custom_footer_template":"","footnotes":""},"pgc_meta":"","_links":{"self":[{"href":"https:\/\/pyromax.ca\/index.php?rest_route=\/wp\/v2\/pages\/7989"}],"collection":[{"href":"https:\/\/pyromax.ca\/index.php?rest_route=\/wp\/v2\/pages"}],"about":[{"href":"https:\/\/pyromax.ca\/index.php?rest_route=\/wp\/v2\/types\/page"}],"author":[{"embeddable":true,"href":"https:\/\/pyromax.ca\/index.php?rest_route=\/wp\/v2\/users\/1"}],"replies":[{"embeddable":true,"href":"https:\/\/pyromax.ca\/index.php?rest_route=%2Fwp%2Fv2%2Fcomments&post=7989"}],"version-history":[{"count":0,"href":"https:\/\/pyromax.ca\/index.php?rest_route=\/wp\/v2\/pages\/7989\/revisions"}],"wp:attachment":[{"href":"https:\/\/pyromax.ca\/index.php?rest_route=%2Fwp%2Fv2%2Fmedia&parent=7989"}],"curies":[{"name":"wp","href":"https:\/\/api.w.org\/{rel}","templated":true}]}}