{"id":7982,"date":"2015-05-14T15:51:22","date_gmt":"2015-05-14T15:51:22","guid":{"rendered":"https:\/\/pyromax\/?page_id=7982"},"modified":"2018-06-06T12:15:45","modified_gmt":"2018-06-06T12:15:45","slug":"les-artificiers-pyromax-a-radio-canada","status":"publish","type":"page","link":"https:\/\/pyromax.ca\/?page_id=7982","title":{"rendered":"LES ARTIFICIERS PYROMAX \u00c0 RADIO CANADA"},"content":{"rendered":"<h1><strong>LES ARTIFICIERS PYROMAX \u00c0 RADIO CANADA<\/strong><\/h1>\n<p><strong><em>\u00a0<\/em><\/strong><\/p>\n<p>Le 10 d\u00e9cembre dernier, Gino Cantin et son \u00e9quipe des Artificiers Pyromax se sont rendu \u00e0 Sainte-Agathe de Lotbini\u00e8re pour participer \u00e8 l\u2019\u00e9mission &lt;&lt;L\u2019Arche de No\u00e9&gt;&gt;, anim\u00e9e par Louise Desrosiers, diffus\u00e9e sur les ondes de Radio-Canada tous les samedis \u00e0 16h30.<\/p>\n<p>&nbsp;<\/p>\n<p>L\u2019\u00e9quipe de Pyromax a collabor\u00e9 \u00e0 cette \u00e9mission traitant des animaux en faisant le montage et en op\u00e9rant le feu d\u2019artifices qui cl\u00f4turera l\u2019\u00e9mission de fin d\u2019ann\u00e9e du 28 d\u00e9cembre prochain.<\/p>\n<p>&nbsp;<\/p>\n<p>Le feu dure environ trente seconde mais on y retrouve toute une panoplie de feux diff\u00e9rents rendant ces trente secondes tr\u00e8s intensives. Il est compos\u00e9 d\u2019environ 150 balles de couleurs, 40 com\u00e8tes dor\u00e9es et une soixantaine de bombes.<\/p>\n<p>&nbsp;<\/p>\n<p>Techniquement, le montage de ce feu fut plut\u00f4t compliqu\u00e9 \u00e9tant donn\u00e9s les diff\u00e9rents angles de cam\u00e9ra \u00e0 respecter pour le montage de l\u2019\u00e9mission en plus de la neige molle des pieds \u00e0 la ceinture, dans laquelle ils devaient faire le montage de leurs bombes.<\/p>\n<p>&nbsp;<\/p>\n<p>Gino Cantin se dit tr\u00e8s heureux d\u2019avoir \u00e9t\u00e9 introduit dans le monde de la t\u00e9l\u00e9vision et du tournage. Le producteur de l\u2019\u00e9mission a \u00e9t\u00e9 tr\u00e8s satisfait de son travail et lui a affirm\u00e9 qu\u2019il surveillerait pour lui d\u2019autres opportunit\u00e9s de contrats. Apr\u00e8s les feux de Loto-Qu\u00e9bec cet \u00e9t\u00e9, Pyromax vient de s\u2019enfiler une corde suppl\u00e9mentaire \u00e0 son arc. Bravo pour ce d\u00e9fi suppl\u00e9mentaire relev\u00e9 avec des mains de ma\u00eetres\u2026artificiers!<\/p>\n<p>&nbsp;<\/p>\n<p>&nbsp;<\/p>\n<p>\u00a0Article original<\/p>\n<p>&nbsp;<\/p>\n<ul>\n<li><a href=\"https:\/\/pyromax\/wp-content\/uploads\/article04.pdf\" target=\"_blank\">Les Artificiers Pyromax \u00e0 Radio Canada<\/a><\/li>\n<\/ul>\n","protected":false},"excerpt":{"rendered":"<p>LES ARTIFICIERS PYROMAX \u00c0 RADIO CANADA \u00a0 Le 10 d\u00e9cembre dernier, Gino Cantin et son \u00e9quipe des Artificiers Pyromax se sont rendu \u00e0 Sainte-Agathe de Lotbini\u00e8re pour participer \u00e8 l\u2019\u00e9mission &lt;&lt;L\u2019Arche de No\u00e9&gt;&gt;, anim\u00e9e par Louise Desrosiers, diffus\u00e9e sur les ondes de Radio-Canada tous les samedis \u00e0 16h30. &nbsp; L\u2019\u00e9quipe de Pyromax a collabor\u00e9 \u00e0 [&hellip;]<\/p>\n","protected":false},"author":1,"featured_media":0,"parent":0,"menu_order":0,"comment_status":"closed","ping_status":"open","template":"page-templates\/template_fullwidth.php","meta":{"pgc_meta":"","_eb_attr":"","ocean_post_layout":"","ocean_both_sidebars_style":"","ocean_both_sidebars_content_width":0,"ocean_both_sidebars_sidebars_width":0,"ocean_sidebar":"","ocean_second_sidebar":"","ocean_disable_margins":"enable","ocean_add_body_class":"","ocean_shortcode_before_top_bar":"","ocean_shortcode_after_top_bar":"","ocean_shortcode_before_header":"","ocean_shortcode_after_header":"","ocean_has_shortcode":"","ocean_shortcode_after_title":"","ocean_shortcode_before_footer_widgets":"","ocean_shortcode_after_footer_widgets":"","ocean_shortcode_before_footer_bottom":"","ocean_shortcode_after_footer_bottom":"","ocean_display_top_bar":"default","ocean_display_header":"default","ocean_header_style":"","ocean_center_header_left_menu":"","ocean_custom_header_template":"","ocean_custom_logo":0,"ocean_custom_retina_logo":0,"ocean_custom_logo_max_width":0,"ocean_custom_logo_tablet_max_width":0,"ocean_custom_logo_mobile_max_width":0,"ocean_custom_logo_max_height":0,"ocean_custom_logo_tablet_max_height":0,"ocean_custom_logo_mobile_max_height":0,"ocean_header_custom_menu":"","ocean_menu_typo_font_family":"","ocean_menu_typo_font_subset":"","ocean_menu_typo_font_size":0,"ocean_menu_typo_font_size_tablet":0,"ocean_menu_typo_font_size_mobile":0,"ocean_menu_typo_font_size_unit":"px","ocean_menu_typo_font_weight":"","ocean_menu_typo_font_weight_tablet":"","ocean_menu_typo_font_weight_mobile":"","ocean_menu_typo_transform":"","ocean_menu_typo_transform_tablet":"","ocean_menu_typo_transform_mobile":"","ocean_menu_typo_line_height":0,"ocean_menu_typo_line_height_tablet":0,"ocean_menu_typo_line_height_mobile":0,"ocean_menu_typo_line_height_unit":"","ocean_menu_typo_spacing":0,"ocean_menu_typo_spacing_tablet":0,"ocean_menu_typo_spacing_mobile":0,"ocean_menu_typo_spacing_unit":"","ocean_menu_link_color":"","ocean_menu_link_color_hover":"","ocean_menu_link_color_active":"","ocean_menu_link_background":"","ocean_menu_link_hover_background":"","ocean_menu_link_active_background":"","ocean_menu_social_links_bg":"","ocean_menu_social_hover_links_bg":"","ocean_menu_social_links_color":"","ocean_menu_social_hover_links_color":"","ocean_disable_title":"default","ocean_disable_heading":"default","ocean_post_title":"","ocean_post_subheading":"","ocean_post_title_style":"","ocean_post_title_background_color":"","ocean_post_title_background":0,"ocean_post_title_bg_image_position":"","ocean_post_title_bg_image_attachment":"","ocean_post_title_bg_image_repeat":"","ocean_post_title_bg_image_size":"","ocean_post_title_height":0,"ocean_post_title_bg_overlay":0.5,"ocean_post_title_bg_overlay_color":"","ocean_disable_breadcrumbs":"default","ocean_breadcrumbs_color":"","ocean_breadcrumbs_separator_color":"","ocean_breadcrumbs_links_color":"","ocean_breadcrumbs_links_hover_color":"","ocean_display_footer_widgets":"default","ocean_display_footer_bottom":"default","ocean_custom_footer_template":"","footnotes":""},"pgc_meta":"","_links":{"self":[{"href":"https:\/\/pyromax.ca\/index.php?rest_route=\/wp\/v2\/pages\/7982"}],"collection":[{"href":"https:\/\/pyromax.ca\/index.php?rest_route=\/wp\/v2\/pages"}],"about":[{"href":"https:\/\/pyromax.ca\/index.php?rest_route=\/wp\/v2\/types\/page"}],"author":[{"embeddable":true,"href":"https:\/\/pyromax.ca\/index.php?rest_route=\/wp\/v2\/users\/1"}],"replies":[{"embeddable":true,"href":"https:\/\/pyromax.ca\/index.php?rest_route=%2Fwp%2Fv2%2Fcomments&post=7982"}],"version-history":[{"count":0,"href":"https:\/\/pyromax.ca\/index.php?rest_route=\/wp\/v2\/pages\/7982\/revisions"}],"wp:attachment":[{"href":"https:\/\/pyromax.ca\/index.php?rest_route=%2Fwp%2Fv2%2Fmedia&parent=7982"}],"curies":[{"name":"wp","href":"https:\/\/api.w.org\/{rel}","templated":true}]}}