{"id":7969,"date":"2015-05-14T15:20:26","date_gmt":"2015-05-14T15:20:26","guid":{"rendered":"https:\/\/pyromax\/?page_id=7969"},"modified":"2018-06-06T12:15:45","modified_gmt":"2018-06-06T12:15:45","slug":"chez-nous-ca-bouge","status":"publish","type":"page","link":"https:\/\/pyromax.ca\/?page_id=7969","title":{"rendered":"LE CIEL DE ST-RAYMOND EXPLOSE!"},"content":{"rendered":"<h1><strong>LE CIEL DE ST-RAYMOND EXPLOSE!<\/strong><\/h1>\n<p>&nbsp;<\/p>\n<p><strong>Apr\u00e8s un dimanche ensoleill\u00e9, apr\u00e8s un copieux souper, une marche en famille s\u2019impose. Exceptionnellement, les trottoirs du village sont bond\u00e9s, le vieux pont est bouch\u00e9, les automobilistes sont bloqu\u00e9s \u00e0 toute circulation. Que se passe-t-il? Ce doit \u00eatre la fi\u00e8vre de la fin de semaine du travail qui a apport\u00e9 tout ce monde \u00e0 l\u2019ext\u00e9rieur. Quel achalandage! Ralentis par les centaines de pi\u00e9tons qui circulent nonchalamment, la noirceur emplit le ciel avant m\u00eame que les membres de la petite famille soient de retour chez eux. D\u00e9j\u00e0 21H30! Les jumeaux l\u00e8vent la t\u00eate\u00a0: WOW! Les yeux emplis de lumi\u00e8res \u00e9tincelantes, les oreilles qui captent des sons faisant vibrer leur corps en entier. Les pi\u00e9tons sont arr\u00eat\u00e9s, les automobilistes aussi. Plus rien ne bouge except\u00e9 ces feux qui d\u00e9filent dans le ciel, tous plus brillants les uns que les autres, ces feux qui s\u2019entrechoquent et qui paralysent les spectateurs stup\u00e9faits.<\/strong><\/p>\n<p>&nbsp;<\/p>\n<p><strong>Environs 7000$ ont flamb\u00e9 dans le ciel de St-Raymond. L\u2019\u00e9quipe des artificiers Pyromax compos\u00e9e de Gino Cantin, Sylvain Beaumont et Pascale Dion \u00e9tait bien pr\u00e9par\u00e9e pour cette explosion de couleurs spectaculaire.<\/strong><\/p>\n<p>&nbsp;<\/p>\n<p><strong>Dimanche soir dernier, dans la cour arri\u00e8re de Chez Ti-Oui Snack Bar, les commer\u00e7ants du village Ste-Marie nous ont \u00e9blouis! Souhaitons qu\u2019avec la collaboration de tous les marchands, ce spectacle grandiose se r\u00e9p\u00e9tera l\u2019an prochain!<\/strong><\/p>\n<p>&nbsp;<\/p>\n<p><strong><em>LES ARTIFICIERS PYROMAX, LA FACE CACH\u00c9E DE CE L\u2019ON VOIT SUR SC\u00c8NE<\/em><\/strong><\/p>\n<p>&nbsp;<\/p>\n<p>Au fil des ans, la technologie a \u00e9volu\u00e9. C\u2019est avec cette progression que Gino Cantin de st-Raymond a grandi et a appris, pour aujourd\u2019hui gagner sa vie avec ce qu\u2019il aime tant\u00a0: les effets sp\u00e9ciaux.<\/p>\n<p>&nbsp;<\/p>\n<p>Effectivement, il est artificier et dirige sa propre compagnie, Les Artificiers Pyromax. \u00c9tant lui-m\u00eame ancien musicien, il a d\u00e9velopp\u00e9 cette passion pour les artifices en voulant perfectionner les &lt;&lt;flashs&gt;&gt; au propane durant ses spectacles. Il remonte donc \u00e0 plusieurs ann\u00e9es de travail dans ce domaine, d\u2019abord pour s\u2019amuser \u00e0 faire sauter des bombes dans des shows pour en arriver ensuite \u00e0 monter de vrais sc\u00e9narios et faire briller de tous feux les artistes qui sont sur sc\u00e8nes.<\/p>\n<p>&nbsp;<\/p>\n<p>Lors de notre rencontre, il se pr\u00e9parait \u00e0 faire un spectacle au D\u2019Auteuil, un bar de Qu\u00e9bec, avec le groupe de musique rock\u00a0: 9.1.1. Il a d\u2019ailleurs sign\u00e9 un contrat d\u2019un an avec ce groupe qu\u00e9b\u00e9cois, compos\u00e9 de quatre musiciens. Durant le spectacle, il travaillait avec six vari\u00e9t\u00e9s de bombes sur une possibilit\u00e9 d\u2019une quarantaine et devait en faire sauter 29. Il sera peut-\u00eatre de la partie lors de la tourn\u00e9e de Marc Gabriel en novembre prochain. Gino Cantin a \u00e9galement l\u2019opportunit\u00e9 de faire valoir son talent d\u2019artificier dans des pi\u00e8ces de th\u00e9\u00e2tres.<\/p>\n<p>&nbsp;<\/p>\n<p>Mais ne devient pas artificier qui le veut. Il faut \u00eatre pr\u00eat \u00e0 courir des risques car rares sont les compagnies d\u2019assurances qui veulent prot\u00e9ger celui qui fait ce m\u00e9tier. On doit avoir de l\u2019exp\u00e9rience dans le domaine et surtout, d\u00e9tenir un permis afin de se procurer les bombes.<\/p>\n<p>&nbsp;<\/p>\n<p>L\u2019artificier ne peut \u00e9galement pas utiliser les bombes qu\u2019il veut. La capacit\u00e9 d\u2019une bombe ne doit pas exc\u00e9der 150 d\u00e9cibels.<\/p>\n<p>&nbsp;<\/p>\n<p>Le fait de ne pas avoir de territoire d\u2019ex\u00e9cution pr\u00e9- \u00e9tabli, de pouvoir faire plusieurs shows en une seule soir\u00e9e, brefd\u2019\u00eatre tr\u00e8s disponible, le pousse \u00e0 croire que sa compagnie passera de 3 \u00e0 10 artificiers d\u2019ici un an.<\/p>\n<p>&nbsp;<\/p>\n<p><strong>Article original<\/strong><\/p>\n<ul>\n<li><a href=\"https:\/\/pyromax\/wp-content\/uploads\/article03.pdf\" target=\"_blank\">Le ciel de St-Raymond explose!<\/a><\/li>\n<\/ul>\n<p><strong>\u00a0<\/strong><\/p>\n<p><strong>\u00a0<\/strong><\/p>\n<p><strong>\u00a0<\/strong><\/p>\n<p><strong>\u00a0<\/strong><\/p>\n<p><strong>\u00a0<\/strong><\/p>\n","protected":false},"excerpt":{"rendered":"<p>LE CIEL DE ST-RAYMOND EXPLOSE! &nbsp; Apr\u00e8s un dimanche ensoleill\u00e9, apr\u00e8s un copieux souper, une marche en famille s\u2019impose. Exceptionnellement, les trottoirs du village sont bond\u00e9s, le vieux pont est bouch\u00e9, les automobilistes sont bloqu\u00e9s \u00e0 toute circulation. Que se passe-t-il? Ce doit \u00eatre la fi\u00e8vre de la fin de semaine du travail qui a [&hellip;]<\/p>\n","protected":false},"author":1,"featured_media":0,"parent":0,"menu_order":0,"comment_status":"closed","ping_status":"open","template":"page-templates\/template_fullwidth.php","meta":{"pgc_meta":"","_eb_attr":"","ocean_post_layout":"","ocean_both_sidebars_style":"","ocean_both_sidebars_content_width":0,"ocean_both_sidebars_sidebars_width":0,"ocean_sidebar":"","ocean_second_sidebar":"","ocean_disable_margins":"enable","ocean_add_body_class":"","ocean_shortcode_before_top_bar":"","ocean_shortcode_after_top_bar":"","ocean_shortcode_before_header":"","ocean_shortcode_after_header":"","ocean_has_shortcode":"","ocean_shortcode_after_title":"","ocean_shortcode_before_footer_widgets":"","ocean_shortcode_after_footer_widgets":"","ocean_shortcode_before_footer_bottom":"","ocean_shortcode_after_footer_bottom":"","ocean_display_top_bar":"default","ocean_display_header":"default","ocean_header_style":"","ocean_center_header_left_menu":"","ocean_custom_header_template":"","ocean_custom_logo":0,"ocean_custom_retina_logo":0,"ocean_custom_logo_max_width":0,"ocean_custom_logo_tablet_max_width":0,"ocean_custom_logo_mobile_max_width":0,"ocean_custom_logo_max_height":0,"ocean_custom_logo_tablet_max_height":0,"ocean_custom_logo_mobile_max_height":0,"ocean_header_custom_menu":"","ocean_menu_typo_font_family":"","ocean_menu_typo_font_subset":"","ocean_menu_typo_font_size":0,"ocean_menu_typo_font_size_tablet":0,"ocean_menu_typo_font_size_mobile":0,"ocean_menu_typo_font_size_unit":"px","ocean_menu_typo_font_weight":"","ocean_menu_typo_font_weight_tablet":"","ocean_menu_typo_font_weight_mobile":"","ocean_menu_typo_transform":"","ocean_menu_typo_transform_tablet":"","ocean_menu_typo_transform_mobile":"","ocean_menu_typo_line_height":0,"ocean_menu_typo_line_height_tablet":0,"ocean_menu_typo_line_height_mobile":0,"ocean_menu_typo_line_height_unit":"","ocean_menu_typo_spacing":0,"ocean_menu_typo_spacing_tablet":0,"ocean_menu_typo_spacing_mobile":0,"ocean_menu_typo_spacing_unit":"","ocean_menu_link_color":"","ocean_menu_link_color_hover":"","ocean_menu_link_color_active":"","ocean_menu_link_background":"","ocean_menu_link_hover_background":"","ocean_menu_link_active_background":"","ocean_menu_social_links_bg":"","ocean_menu_social_hover_links_bg":"","ocean_menu_social_links_color":"","ocean_menu_social_hover_links_color":"","ocean_disable_title":"default","ocean_disable_heading":"default","ocean_post_title":"","ocean_post_subheading":"","ocean_post_title_style":"","ocean_post_title_background_color":"","ocean_post_title_background":0,"ocean_post_title_bg_image_position":"","ocean_post_title_bg_image_attachment":"","ocean_post_title_bg_image_repeat":"","ocean_post_title_bg_image_size":"","ocean_post_title_height":0,"ocean_post_title_bg_overlay":0.5,"ocean_post_title_bg_overlay_color":"","ocean_disable_breadcrumbs":"default","ocean_breadcrumbs_color":"","ocean_breadcrumbs_separator_color":"","ocean_breadcrumbs_links_color":"","ocean_breadcrumbs_links_hover_color":"","ocean_display_footer_widgets":"default","ocean_display_footer_bottom":"default","ocean_custom_footer_template":"","footnotes":""},"pgc_meta":"","_links":{"self":[{"href":"https:\/\/pyromax.ca\/index.php?rest_route=\/wp\/v2\/pages\/7969"}],"collection":[{"href":"https:\/\/pyromax.ca\/index.php?rest_route=\/wp\/v2\/pages"}],"about":[{"href":"https:\/\/pyromax.ca\/index.php?rest_route=\/wp\/v2\/types\/page"}],"author":[{"embeddable":true,"href":"https:\/\/pyromax.ca\/index.php?rest_route=\/wp\/v2\/users\/1"}],"replies":[{"embeddable":true,"href":"https:\/\/pyromax.ca\/index.php?rest_route=%2Fwp%2Fv2%2Fcomments&post=7969"}],"version-history":[{"count":0,"href":"https:\/\/pyromax.ca\/index.php?rest_route=\/wp\/v2\/pages\/7969\/revisions"}],"wp:attachment":[{"href":"https:\/\/pyromax.ca\/index.php?rest_route=%2Fwp%2Fv2%2Fmedia&parent=7969"}],"curies":[{"name":"wp","href":"https:\/\/api.w.org\/{rel}","templated":true}]}}