{"id":7962,"date":"2015-05-14T15:12:30","date_gmt":"2015-05-14T15:12:30","guid":{"rendered":"https:\/\/pyromax\/?page_id=7962"},"modified":"2018-06-06T12:15:45","modified_gmt":"2018-06-06T12:15:45","slug":"7962-2","status":"publish","type":"page","link":"https:\/\/pyromax.ca\/?page_id=7962","title":{"rendered":"C\u2019EST TOUT UN D\u00c9FI"},"content":{"rendered":"<h1><strong>&lt;&lt;C\u2019EST TOUT UN D\u00c9FI&gt;&gt;<\/strong><\/h1>\n<p><strong>Le synchronisme tiendra les deux chefs d\u2019orchestre bien occup\u00e9s<\/strong><\/p>\n<p>&nbsp;<\/p>\n<p><strong>L\u00e9vis <\/strong><strong>Gilles Auger, chef de l\u2019orchestre symphonique de L\u00e9vis(OSL) et Gino Cantin, &lt;&lt;chef d\u2019orchestre &gt;&gt; des bombes de Pyromax, sont \u00e0 finaliser les derniers d\u00e9tails pour pr\u00e9senter &lt;&lt;les feux de l\u2019orchestres&gt;&gt;, le 17 ao\u00fbt prochain, au Parc du Rigolet du quartier Saint-Romuald. Leur principal d\u00e9fi? S\u2019assurer que musique et feux d\u2019artifices soient synchronis\u00e9s.<\/strong><\/p>\n<p>&nbsp;<\/p>\n<p>De l\u2019aveu de Gino Cantin de Pyromax, toute la pression reposera sur les \u00e9paules du maestro Gilles Auger. &lt;&lt;Je suis vraiment content de notre collaboration avec M. Auger. Il est vraiment professionnel. Ce qu\u2019on lui demande, ce n\u2019est pas facile!&gt;&gt;, ajoute M. Cantin. En fait, maestro Auger devra diriger ses musiciens avec, dans l\u2019oreille, un m\u00e9tronome qui marquera le temps. Ainsi, la musique pourra suivre le rythme de lancement des pi\u00e8ces pyrotechniques. Rythme qui sera d\u00e9j\u00e0 \u00e9tabli \u00e9lectroniquement. &lt;&lt;C\u2019est un concept \u00e0 l\u2019essai pour minimiser les erreurs. Nous sommes, \u00e0 ma connaissance, les premiers \u00e0 essayer cette fa\u00e7on de faire&gt;&gt;, explique M. Cantin en ajoutant qu\u2019habituellement, ce sont les artificiers qui s\u2019ajustent \u00e0 la musique.<\/p>\n<p>&nbsp;<\/p>\n<p>&nbsp;<\/p>\n<h2>&lt;&lt;Les gens en auront plein la vue!&gt;&gt;<\/h2>\n<p>&nbsp;<\/p>\n<p><strong><em>Le pont de Qu\u00e9bec servira de toile de fond aux artificiers de chez Pyromax qui accompagneront de leurs milliers d\u2019\u00e9toiles la musique de l\u2019Orchestre symphonique de L\u00e9vis.<\/em><\/strong><\/p>\n<p>&nbsp;<\/p>\n<p>Article original<\/p>\n<ul>\n<li><a href=\"https:\/\/pyromax\/wp-content\/uploads\/article10.pdf\">C&rsquo;est tout un d\u00e9fi!<\/a><\/li>\n<\/ul>\n","protected":false},"excerpt":{"rendered":"<p>&lt;&lt;C\u2019EST TOUT UN D\u00c9FI&gt;&gt; Le synchronisme tiendra les deux chefs d\u2019orchestre bien occup\u00e9s &nbsp; L\u00e9vis Gilles Auger, chef de l\u2019orchestre symphonique de L\u00e9vis(OSL) et Gino Cantin, &lt;&lt;chef d\u2019orchestre &gt;&gt; des bombes de Pyromax, sont \u00e0 finaliser les derniers d\u00e9tails pour pr\u00e9senter &lt;&lt;les feux de l\u2019orchestres&gt;&gt;, le 17 ao\u00fbt prochain, au Parc du Rigolet du quartier [&hellip;]<\/p>\n","protected":false},"author":1,"featured_media":0,"parent":0,"menu_order":0,"comment_status":"closed","ping_status":"closed","template":"page-templates\/template_fullwidth.php","meta":{"pgc_meta":"","_eb_attr":"","ocean_post_layout":"","ocean_both_sidebars_style":"","ocean_both_sidebars_content_width":0,"ocean_both_sidebars_sidebars_width":0,"ocean_sidebar":"","ocean_second_sidebar":"","ocean_disable_margins":"enable","ocean_add_body_class":"","ocean_shortcode_before_top_bar":"","ocean_shortcode_after_top_bar":"","ocean_shortcode_before_header":"","ocean_shortcode_after_header":"","ocean_has_shortcode":"","ocean_shortcode_after_title":"","ocean_shortcode_before_footer_widgets":"","ocean_shortcode_after_footer_widgets":"","ocean_shortcode_before_footer_bottom":"","ocean_shortcode_after_footer_bottom":"","ocean_display_top_bar":"default","ocean_display_header":"default","ocean_header_style":"","ocean_center_header_left_menu":"","ocean_custom_header_template":"","ocean_custom_logo":0,"ocean_custom_retina_logo":0,"ocean_custom_logo_max_width":0,"ocean_custom_logo_tablet_max_width":0,"ocean_custom_logo_mobile_max_width":0,"ocean_custom_logo_max_height":0,"ocean_custom_logo_tablet_max_height":0,"ocean_custom_logo_mobile_max_height":0,"ocean_header_custom_menu":"","ocean_menu_typo_font_family":"","ocean_menu_typo_font_subset":"","ocean_menu_typo_font_size":0,"ocean_menu_typo_font_size_tablet":0,"ocean_menu_typo_font_size_mobile":0,"ocean_menu_typo_font_size_unit":"px","ocean_menu_typo_font_weight":"","ocean_menu_typo_font_weight_tablet":"","ocean_menu_typo_font_weight_mobile":"","ocean_menu_typo_transform":"","ocean_menu_typo_transform_tablet":"","ocean_menu_typo_transform_mobile":"","ocean_menu_typo_line_height":0,"ocean_menu_typo_line_height_tablet":0,"ocean_menu_typo_line_height_mobile":0,"ocean_menu_typo_line_height_unit":"","ocean_menu_typo_spacing":0,"ocean_menu_typo_spacing_tablet":0,"ocean_menu_typo_spacing_mobile":0,"ocean_menu_typo_spacing_unit":"","ocean_menu_link_color":"","ocean_menu_link_color_hover":"","ocean_menu_link_color_active":"","ocean_menu_link_background":"","ocean_menu_link_hover_background":"","ocean_menu_link_active_background":"","ocean_menu_social_links_bg":"","ocean_menu_social_hover_links_bg":"","ocean_menu_social_links_color":"","ocean_menu_social_hover_links_color":"","ocean_disable_title":"default","ocean_disable_heading":"default","ocean_post_title":"","ocean_post_subheading":"","ocean_post_title_style":"","ocean_post_title_background_color":"","ocean_post_title_background":0,"ocean_post_title_bg_image_position":"","ocean_post_title_bg_image_attachment":"","ocean_post_title_bg_image_repeat":"","ocean_post_title_bg_image_size":"","ocean_post_title_height":0,"ocean_post_title_bg_overlay":0.5,"ocean_post_title_bg_overlay_color":"","ocean_disable_breadcrumbs":"default","ocean_breadcrumbs_color":"","ocean_breadcrumbs_separator_color":"","ocean_breadcrumbs_links_color":"","ocean_breadcrumbs_links_hover_color":"","ocean_display_footer_widgets":"default","ocean_display_footer_bottom":"default","ocean_custom_footer_template":"","footnotes":""},"pgc_meta":"","_links":{"self":[{"href":"https:\/\/pyromax.ca\/index.php?rest_route=\/wp\/v2\/pages\/7962"}],"collection":[{"href":"https:\/\/pyromax.ca\/index.php?rest_route=\/wp\/v2\/pages"}],"about":[{"href":"https:\/\/pyromax.ca\/index.php?rest_route=\/wp\/v2\/types\/page"}],"author":[{"embeddable":true,"href":"https:\/\/pyromax.ca\/index.php?rest_route=\/wp\/v2\/users\/1"}],"replies":[{"embeddable":true,"href":"https:\/\/pyromax.ca\/index.php?rest_route=%2Fwp%2Fv2%2Fcomments&post=7962"}],"version-history":[{"count":0,"href":"https:\/\/pyromax.ca\/index.php?rest_route=\/wp\/v2\/pages\/7962\/revisions"}],"wp:attachment":[{"href":"https:\/\/pyromax.ca\/index.php?rest_route=%2Fwp%2Fv2%2Fmedia&parent=7962"}],"curies":[{"name":"wp","href":"https:\/\/api.w.org\/{rel}","templated":true}]}}