{"id":7954,"date":"2015-05-14T14:38:16","date_gmt":"2015-05-14T14:38:16","guid":{"rendered":"https:\/\/pyromax\/?page_id=7954"},"modified":"2018-06-06T12:15:45","modified_gmt":"2018-06-06T12:15:45","slug":"artificier-bien-plus-que-dallumer-des-petards","status":"publish","type":"page","link":"https:\/\/pyromax.ca\/?page_id=7954","title":{"rendered":"Artificier, bien plus que d\u2019allumer des p\u00e9tards"},"content":{"rendered":"<h1><strong>Artificier, bien plus que d\u2019allumer des p\u00e9tards<\/strong><\/h1>\n<p>&nbsp;<\/p>\n<p><strong>La r\u00e9ussite d\u2019un spectacle de pyrotechnie exige d\u2019avoir de bons artificiers. Plusieurs caract\u00e9ristiques sont requises pour pouvoir pratiquer cette profession exigeante et pour le moins originale.<\/strong><\/p>\n<p>&nbsp;<\/p>\n<p>&lt;&lt;Il faut aimer \u00e7a. J\u2019ai trois enfants, mais ce spectacle a pris beaucoup d\u2019importance durant sa r\u00e9alisation&gt;&gt;, explique Sylvie Boss\u00e9, artifici\u00e8re qui a travaill\u00e9 des journ\u00e9es et des soir\u00e9es enti\u00e8res durant juillet pour ce spectacle.<\/p>\n<p>&nbsp;<\/p>\n<p>Non seulement il faut constamment rechercher la perfection explique-t-elle, il faut aussi bien communiquer avec ses coll\u00e8gues de travail. &lt;&lt;Il faut tous avoir la m\u00eame fa\u00e7on de travailler et \u00eatre le plus clair possible pour ne pas se m\u00ealer&gt;&gt;, lance-t-elle. La connaissance parfaite du sc\u00e9nario est aussi un incontournable selon l\u2019artifici\u00e8re, aussi surnomm\u00e9 &lt;&lt;la femme Pyromax&gt;&gt;.<\/p>\n<p>&nbsp;<\/p>\n<p>Ce m\u00e9tier peut para\u00eetre dangereux,\u00a0 mais demeure toutefois s\u00e9curitaire si tout est fait dans les r\u00e8gles de l\u2019art. &lt;&lt;L\u2019erreur humaine est la plus courante&gt;&gt;, explique Gino Cantin, en parlant de la manipulation des feux et des incidents qui y sont reli\u00e9s. Selon lui, manipuler les feux n\u2019est pas dangereux, mais des erreurs d\u2019inattention se produisent encore et c\u2019est \u00e0 ce moment que le m\u00e9tier d\u2019artificier devient plus risqu\u00e9. &lt;&lt;J\u2019ai \u00e9t\u00e9 le seul survivant \u00e0 trois bombes au sol&gt;&gt;, explique-t-il en rappelant toutefois que les lois sur les explosifs ont \u00e9t\u00e9 resserr\u00e9es et sont tr\u00e8s surveill\u00e9es. Malgr\u00e9 cela, il semblerait toutefois que les compagnies d\u2019assurance ne voient pas ce m\u00e9tier d\u2019un bon \u0153il. &lt;&lt;Quand tu dis que tu es artificier, il n\u2019y a pas une compagnie d\u2019assurance qui veut t\u2019assurer&gt;&gt;, soutient la conjointe d\u2019un des artificiers.<\/p>\n<p>&nbsp;<\/p>\n<p>Gino Cantin se pla\u00eet \u00e0 dire que des &lt;&lt;cartes de clown&gt;&gt; sont n\u00e9cessaires pour vouloir faire ce travail, mais \u00e0 plusieurs reprises il r\u00e9p\u00e9tera qu\u2019\u00eatre artificier demeure d\u2019abord et avant une grande passion et qu\u2019il faut \u00eatre un perfectionniste pour pouvoir pratiquer cette profession.<\/p>\n<p>&nbsp;<\/p>\n<p><strong>La barge sur laquelle les pi\u00e8ces pyrotechniques prenaient place, a \u00e9t\u00e9 escort\u00e9e par des bateaux remorques du Groupe Oc\u00e9an pr\u00e8s du parc Rigolet.<\/strong><\/p>\n<p>&nbsp;<\/p>\n<p><strong>Gino Cantin, directeur g\u00e9n\u00e9ral de Pyromax et t\u00eate penseuse du spectacle de dimanche dernier.<\/strong><\/p>\n<p>&nbsp;<\/p>\n<p>Article original.<\/p>\n<ul>\n<li><a href=\"https:\/\/pyromax\/wp-content\/uploads\/article12.pdf\" target=\"_blank\" rel=\"noopener\">Artificier, bien plus que d&rsquo;allumer des p\u00e9tards<\/a><\/li>\n<\/ul>\n","protected":false},"excerpt":{"rendered":"<p>Artificier, bien plus que d\u2019allumer des p\u00e9tards &nbsp; La r\u00e9ussite d\u2019un spectacle de pyrotechnie exige d\u2019avoir de bons artificiers. Plusieurs caract\u00e9ristiques sont requises pour pouvoir pratiquer cette profession exigeante et pour le moins originale. &nbsp; &lt;&lt;Il faut aimer \u00e7a. J\u2019ai trois enfants, mais ce spectacle a pris beaucoup d\u2019importance durant sa r\u00e9alisation&gt;&gt;, explique Sylvie Boss\u00e9, [&hellip;]<\/p>\n","protected":false},"author":1,"featured_media":0,"parent":0,"menu_order":0,"comment_status":"closed","ping_status":"closed","template":"page-templates\/template_fullwidth.php","meta":{"pgc_meta":"","_eb_attr":"","ocean_post_layout":"","ocean_both_sidebars_style":"","ocean_both_sidebars_content_width":0,"ocean_both_sidebars_sidebars_width":0,"ocean_sidebar":"","ocean_second_sidebar":"","ocean_disable_margins":"enable","ocean_add_body_class":"","ocean_shortcode_before_top_bar":"","ocean_shortcode_after_top_bar":"","ocean_shortcode_before_header":"","ocean_shortcode_after_header":"","ocean_has_shortcode":"","ocean_shortcode_after_title":"","ocean_shortcode_before_footer_widgets":"","ocean_shortcode_after_footer_widgets":"","ocean_shortcode_before_footer_bottom":"","ocean_shortcode_after_footer_bottom":"","ocean_display_top_bar":"default","ocean_display_header":"default","ocean_header_style":"","ocean_center_header_left_menu":"","ocean_custom_header_template":"","ocean_custom_logo":0,"ocean_custom_retina_logo":0,"ocean_custom_logo_max_width":0,"ocean_custom_logo_tablet_max_width":0,"ocean_custom_logo_mobile_max_width":0,"ocean_custom_logo_max_height":0,"ocean_custom_logo_tablet_max_height":0,"ocean_custom_logo_mobile_max_height":0,"ocean_header_custom_menu":"","ocean_menu_typo_font_family":"","ocean_menu_typo_font_subset":"","ocean_menu_typo_font_size":0,"ocean_menu_typo_font_size_tablet":0,"ocean_menu_typo_font_size_mobile":0,"ocean_menu_typo_font_size_unit":"px","ocean_menu_typo_font_weight":"","ocean_menu_typo_font_weight_tablet":"","ocean_menu_typo_font_weight_mobile":"","ocean_menu_typo_transform":"","ocean_menu_typo_transform_tablet":"","ocean_menu_typo_transform_mobile":"","ocean_menu_typo_line_height":0,"ocean_menu_typo_line_height_tablet":0,"ocean_menu_typo_line_height_mobile":0,"ocean_menu_typo_line_height_unit":"","ocean_menu_typo_spacing":0,"ocean_menu_typo_spacing_tablet":0,"ocean_menu_typo_spacing_mobile":0,"ocean_menu_typo_spacing_unit":"","ocean_menu_link_color":"","ocean_menu_link_color_hover":"","ocean_menu_link_color_active":"","ocean_menu_link_background":"","ocean_menu_link_hover_background":"","ocean_menu_link_active_background":"","ocean_menu_social_links_bg":"","ocean_menu_social_hover_links_bg":"","ocean_menu_social_links_color":"","ocean_menu_social_hover_links_color":"","ocean_disable_title":"default","ocean_disable_heading":"default","ocean_post_title":"","ocean_post_subheading":"","ocean_post_title_style":"","ocean_post_title_background_color":"","ocean_post_title_background":0,"ocean_post_title_bg_image_position":"","ocean_post_title_bg_image_attachment":"","ocean_post_title_bg_image_repeat":"","ocean_post_title_bg_image_size":"","ocean_post_title_height":0,"ocean_post_title_bg_overlay":0.5,"ocean_post_title_bg_overlay_color":"","ocean_disable_breadcrumbs":"default","ocean_breadcrumbs_color":"","ocean_breadcrumbs_separator_color":"","ocean_breadcrumbs_links_color":"","ocean_breadcrumbs_links_hover_color":"","ocean_display_footer_widgets":"default","ocean_display_footer_bottom":"default","ocean_custom_footer_template":"","footnotes":""},"pgc_meta":"","_links":{"self":[{"href":"https:\/\/pyromax.ca\/index.php?rest_route=\/wp\/v2\/pages\/7954"}],"collection":[{"href":"https:\/\/pyromax.ca\/index.php?rest_route=\/wp\/v2\/pages"}],"about":[{"href":"https:\/\/pyromax.ca\/index.php?rest_route=\/wp\/v2\/types\/page"}],"author":[{"embeddable":true,"href":"https:\/\/pyromax.ca\/index.php?rest_route=\/wp\/v2\/users\/1"}],"replies":[{"embeddable":true,"href":"https:\/\/pyromax.ca\/index.php?rest_route=%2Fwp%2Fv2%2Fcomments&post=7954"}],"version-history":[{"count":0,"href":"https:\/\/pyromax.ca\/index.php?rest_route=\/wp\/v2\/pages\/7954\/revisions"}],"wp:attachment":[{"href":"https:\/\/pyromax.ca\/index.php?rest_route=%2Fwp%2Fv2%2Fmedia&parent=7954"}],"curies":[{"name":"wp","href":"https:\/\/api.w.org\/{rel}","templated":true}]}}